{"id":197,"date":"2024-05-02T10:25:49","date_gmt":"2024-05-02T08:25:49","guid":{"rendered":"http:\/\/192.168.1.102\/clinicadentalramirocorrea.com\/?page_id=197"},"modified":"2024-10-07T13:55:33","modified_gmt":"2024-10-07T11:55:33","slug":"implantologia","status":"publish","type":"page","link":"https:\/\/clinicadentalramirocorrea.com\/?page_id=197","title":{"rendered":"IMPLANTOLOG\u00cdA"},"content":{"rendered":"\t\t<div data-elementor-type=\"wp-page\" data-elementor-id=\"197\" class=\"elementor elementor-197\">\n\t\t\t\t<div class=\"elementor-element elementor-element-336fc73 e-con-full elementor-hidden-tablet elementor-hidden-mobile e-flex e-con e-parent\" data-id=\"336fc73\" data-element_type=\"container\" data-settings=\"{&quot;background_background&quot;:&quot;classic&quot;}\">\n\t\t\t\t<div class=\"elementor-element elementor-element-32a9cb4 elementor-widget elementor-widget-text-editor\" data-id=\"32a9cb4\" data-element_type=\"widget\" data-widget_type=\"text-editor.default\">\n\t\t\t\t<div class=\"elementor-widget-container\">\n\t\t\t<style>\/*! elementor - v3.21.0 - 26-05-2024 *\/\n.elementor-widget-text-editor.elementor-drop-cap-view-stacked .elementor-drop-cap{background-color:#69727d;color:#fff}.elementor-widget-text-editor.elementor-drop-cap-view-framed .elementor-drop-cap{color:#69727d;border:3px solid;background-color:transparent}.elementor-widget-text-editor:not(.elementor-drop-cap-view-default) .elementor-drop-cap{margin-top:8px}.elementor-widget-text-editor:not(.elementor-drop-cap-view-default) .elementor-drop-cap-letter{width:1em;height:1em}.elementor-widget-text-editor .elementor-drop-cap{float:left;text-align:center;line-height:1;font-size:50px}.elementor-widget-text-editor .elementor-drop-cap-letter{display:inline-block}<\/style>\t\t\t\t<p>\ud83d\udccd Direcci\u00f3n: Calle Mart\u00ednez Campos, 20, Bajo, 18002 Granada<\/p>\t\t\t\t\t\t<\/div>\n\t\t\t\t<\/div>\n\t\t\t\t<div class=\"elementor-element elementor-element-112ab12 elementor-widget elementor-widget-html\" data-id=\"112ab12\" data-element_type=\"widget\" data-widget_type=\"html.default\">\n\t\t\t\t<div class=\"elementor-widget-container\">\n\t\t\t<!DOCTYPE html>\r\n<html lang=\"es\">\r\n<head>\r\n    <meta charset=\"UTF-8\">\r\n    <meta name=\"viewport\" content=\"width=device-width, initial-scale=1.0\">\r\n    <title>Tel\u00e9fono Destacado<\/title>\r\n    <style>\r\n        .phone-link {\r\n            color: white;\r\n            text-decoration: none;\r\n            font-weight: bold;\r\n            position: relative;\r\n            transition: color 0.3s ease;\r\n            animation: highlight 3s ease-in-out infinite;\r\n        }\r\n        .phone-link:hover {\r\n            color: #0056b3;\r\n        }\r\n        .phone-link::after {\r\n            content: '';\r\n            position: absolute;\r\n            width: 100%;\r\n            height: 2px;\r\n            bottom: 0;\r\n            left: 0;\r\n            background-color: #0056b3;\r\n            visibility: hidden;\r\n            transform: scaleX(0);\r\n            transition: all 0.3s ease-in-out;\r\n        }\r\n        .phone-link:hover::after {\r\n            visibility: visible;\r\n            transform: scaleX(1);\r\n        }\r\n        @keyframes highlight {\r\n            0% {\r\n                color: white;\r\n                text-shadow: none;\r\n            }\r\n            50% {\r\n                color: #ff9900;\r\n                text-shadow: 0 0 10px rgba(255, 153, 0, 0.5);\r\n            }\r\n            100% {\r\n                color: white;\r\n                text-shadow: none;\r\n            }\r\n        }\r\n        .whatsapp-logo {\r\n            width: 20px;\r\n            height: 20px;\r\n            vertical-align: middle;\r\n            margin-right: 5px;\r\n        }\r\n    <\/style>\r\n<\/head>\r\n<body>\r\n\r\n    \ud83d\udcde Tel\u00e9fono: <a class=\"phone-link\" href=\"tel:958106908\">958 10 69 08<\/a> - <img decoding=\"async\" class=\"whatsapp-logo\" src=\"https:\/\/upload.wikimedia.org\/wikipedia\/commons\/6\/6b\/WhatsApp.svg\" alt=\"WhatsApp\"> <a class=\"phone-link\" href=\"tel:617545081\">671 54 50 81<\/a>\r\n\r\n<\/body>\r\n<\/html>\r\n\t\t<\/div>\n\t\t\t\t<\/div>\n\t\t\t\t<div class=\"elementor-element elementor-element-745299a elementor-widget elementor-widget-text-editor\" data-id=\"745299a\" data-element_type=\"widget\" data-widget_type=\"text-editor.default\">\n\t\t\t\t<div class=\"elementor-widget-container\">\n\t\t\t\t\t\t\t<p>\ud83d\udd50 Lunes a Jueves de 9:30\u201313:30, 16:30\u201320:30, Viernes solo ma\u00f1ana.<\/p>\t\t\t\t\t\t<\/div>\n\t\t\t\t<\/div>\n\t\t\t\t<\/div>\n\t\t<div class=\"elementor-element elementor-element-7bb0808 e-con-full elementor-hidden-desktop elementor-hidden-tablet elementor-hidden-mobile e-flex e-con e-parent\" data-id=\"7bb0808\" data-element_type=\"container\">\n\t\t\t\t<div class=\"elementor-element elementor-element-fe3361c elementor-widget elementor-widget-text-editor\" data-id=\"fe3361c\" data-element_type=\"widget\" data-widget_type=\"text-editor.default\">\n\t\t\t\t<div class=\"elementor-widget-container\">\n\t\t\t\t\t\t\t<p>Implante Dental<\/p>\t\t\t\t\t\t<\/div>\n\t\t\t\t<\/div>\n\t\t\t\t<div class=\"elementor-element elementor-element-4117a77 elementor-widget elementor-widget-text-editor\" data-id=\"4117a77\" data-element_type=\"widget\" data-widget_type=\"text-editor.default\">\n\t\t\t\t<div class=\"elementor-widget-container\">\n\t\t\t\t\t\t\t<p><strong>Todos hemos o\u00eddo hablar de ellos pero \u00bfQu\u00e9 son los implantes?<\/strong><\/p><p>Los implantes act\u00faan como sustitutos de las ra\u00edces dentales, actualmente est\u00e1n fabricados, en su mayor\u00eda, de titanio y sirven para dar soporte a los nuevos dientes artificiales que estar\u00e1n unidos a ellos.<\/p><p>Los implantes son capaces de integrarse hasta el punto de convivir de forma sana y totalmente natural con el resto de tejidos de la boca.<\/p><p><strong>\u00bfPara qu\u00e9 se utilizan?<\/strong><\/p><p>Se pueden utilizar para reponer piezas dentales perdidas y tambi\u00e9n para dar estabilidad a dentaduras postizas que tienen una movilidad excesiva.<\/p><p>En Cl\u00ednica Dental Ramiro Correa estudiaremos su caso de forma personalizada para darle el diagnostico que mejor se adapte a sus necesidades contando siempre con la \u00faltima tecnolog\u00eda.<\/p><p>En nuestra cl\u00ednica usamos siempre materiales de alta gama, adem\u00e1s al final del tratamiento le entregaremos un carn\u00e9 donde viene reflejada toda la informaci\u00f3n referente a sus implantes.<\/p><p>Veamos ahora las distintas opciones que tenemos a la hora de colocar implantes:<\/p><p><strong>Implantes Unitarios<\/strong><\/p><p>La colocaci\u00f3n de implantes unitarios es la forma m\u00e1s natural para solucionar la p\u00e9rdida o extracci\u00f3n de una pieza dental.<\/p><p>Nos permite recuperar la capacidad de masticaci\u00f3n y la est\u00e9tica de cualquier diente o muela, sin afectar a dientes adyacentes.<\/p>\t\t\t\t\t\t<\/div>\n\t\t\t\t<\/div>\n\t\t\t\t<div class=\"elementor-element elementor-element-6079d99 elementor-widget elementor-widget-image\" data-id=\"6079d99\" data-element_type=\"widget\" data-widget_type=\"image.default\">\n\t\t\t\t<div class=\"elementor-widget-container\">\n\t\t\t<style>\/*! elementor - v3.21.0 - 26-05-2024 *\/\n.elementor-widget-image{text-align:center}.elementor-widget-image a{display:inline-block}.elementor-widget-image a img[src$=\".svg\"]{width:48px}.elementor-widget-image img{vertical-align:middle;display:inline-block}<\/style>\t\t\t\t\t\t\t\t\t\t<img decoding=\"async\" width=\"245\" height=\"146\" src=\"https:\/\/clinicadentalramirocorrea.com\/wp-content\/uploads\/2024\/05\/DENTISTAS-EN-EL-CENTRO-DE-GRANADA-CLINICA-DENTAL-RAMIRO-CORREA.png\" class=\"attachment-large size-large wp-image-792\" alt=\"\" \/>\t\t\t\t\t\t\t\t\t\t\t\t\t<\/div>\n\t\t\t\t<\/div>\n\t\t\t\t<div class=\"elementor-element elementor-element-e03b089 elementor-widget elementor-widget-text-editor\" data-id=\"e03b089\" data-element_type=\"widget\" data-widget_type=\"text-editor.default\">\n\t\t\t\t<div class=\"elementor-widget-container\">\n\t\t\t\t\t\t\t<p><strong>Implantes M\u00faltiples con puente<\/strong><\/p><p>De la misma forma que con los implantes unitarios, si falta m\u00e1s de una pieza, se puede rehabilitar mediante puentes sobre implantes, utilizando as\u00ed menos implantes que el n\u00famero de dientes a reemplazar.<\/p>\t\t\t\t\t\t<\/div>\n\t\t\t\t<\/div>\n\t\t\t\t<div class=\"elementor-element elementor-element-3606058 elementor-widget elementor-widget-image\" data-id=\"3606058\" data-element_type=\"widget\" data-widget_type=\"image.default\">\n\t\t\t\t<div class=\"elementor-widget-container\">\n\t\t\t\t\t\t\t\t\t\t\t\t\t<img decoding=\"async\" width=\"230\" height=\"147\" src=\"https:\/\/clinicadentalramirocorrea.com\/wp-content\/uploads\/2024\/05\/MEJORES-CLINICAS-DENTALES-DE-GRANADA-CLINICA-DENTAL-RAMIRO-CORREA.png\" class=\"attachment-large size-large wp-image-795\" alt=\"\" \/>\t\t\t\t\t\t\t\t\t\t\t\t\t<\/div>\n\t\t\t\t<\/div>\n\t\t\t\t<div class=\"elementor-element elementor-element-a15458e elementor-widget elementor-widget-text-editor\" data-id=\"a15458e\" data-element_type=\"widget\" data-widget_type=\"text-editor.default\">\n\t\t\t\t<div class=\"elementor-widget-container\">\n\t\t\t\t\t\t\t<p><strong>Pr\u00f3tesis implantoretenida<\/strong><\/p><p>La sobredentadura es una dentadura retenida por implantes, de forma que se puede extraer para su limpieza.<\/p><p>Con los implantes conseguiremos una mayor retenci\u00f3n y sujeci\u00f3n al maxilar con lo que el paciente ganar\u00e1 en comodidad y confianza.<\/p>\t\t\t\t\t\t<\/div>\n\t\t\t\t<\/div>\n\t\t\t\t<div class=\"elementor-element elementor-element-2b7b9e4 elementor-widget elementor-widget-image\" data-id=\"2b7b9e4\" data-element_type=\"widget\" data-widget_type=\"image.default\">\n\t\t\t\t<div class=\"elementor-widget-container\">\n\t\t\t\t\t\t\t\t\t\t\t\t\t<img decoding=\"async\" width=\"250\" height=\"133\" src=\"https:\/\/clinicadentalramirocorrea.com\/wp-content\/uploads\/2024\/05\/DENTISTA-24-HORAS-EN-GRANADA-CLINICA-DENTAL-RAMIRO-CORREA.png\" class=\"attachment-large size-large wp-image-798\" alt=\"\" \/>\t\t\t\t\t\t\t\t\t\t\t\t\t<\/div>\n\t\t\t\t<\/div>\n\t\t\t\t<div class=\"elementor-element elementor-element-f922c55 elementor-widget elementor-widget-text-editor\" data-id=\"f922c55\" data-element_type=\"widget\" data-widget_type=\"text-editor.default\">\n\t\t\t\t<div class=\"elementor-widget-container\">\n\t\t\t\t\t\t\t<p><strong>Pr\u00f3tesis implantosoportadas<\/strong><\/p><p>Este tipo de pr\u00f3tesis est\u00e1 soportada por 6 u 8 implantes, que la sujetan de forma fija, con la comodidad y seguridad que ello conlleva para el paciente.<\/p>\t\t\t\t\t\t<\/div>\n\t\t\t\t<\/div>\n\t\t\t\t<div class=\"elementor-element elementor-element-a1c9921 elementor-widget elementor-widget-image\" data-id=\"a1c9921\" data-element_type=\"widget\" data-widget_type=\"image.default\">\n\t\t\t\t<div class=\"elementor-widget-container\">\n\t\t\t\t\t\t\t\t\t\t\t\t\t<img loading=\"lazy\" decoding=\"async\" width=\"250\" height=\"117\" src=\"https:\/\/clinicadentalramirocorrea.com\/wp-content\/uploads\/2024\/05\/ATENCION-DENTAL-URGENTE-EN-GRANADA-CLINICA-DENTAL-RAMIRO-CORREA.png\" class=\"attachment-large size-large wp-image-799\" alt=\"\" \/>\t\t\t\t\t\t\t\t\t\t\t\t\t<\/div>\n\t\t\t\t<\/div>\n\t\t\t\t<\/div>\n\t\t<div class=\"elementor-element elementor-element-8e03cfc e-con-full elementor-hidden-widescreen e-flex e-con e-parent\" data-id=\"8e03cfc\" data-element_type=\"container\">\n\t\t\t\t<div class=\"elementor-element elementor-element-e54a815 elementor-widget elementor-widget-text-editor\" data-id=\"e54a815\" data-element_type=\"widget\" data-widget_type=\"text-editor.default\">\n\t\t\t\t<div class=\"elementor-widget-container\">\n\t\t\t\t\t\t\t<p>Implante Dental<\/p>\t\t\t\t\t\t<\/div>\n\t\t\t\t<\/div>\n\t\t\t\t<div class=\"elementor-element elementor-element-24bcafc elementor-widget elementor-widget-text-editor\" data-id=\"24bcafc\" data-element_type=\"widget\" data-widget_type=\"text-editor.default\">\n\t\t\t\t<div class=\"elementor-widget-container\">\n\t\t\t\t\t\t\t<p><strong>Todos hemos o\u00eddo hablar de ellos pero \u00bfQu\u00e9 son los implantes?<\/strong><\/p><p>Los implantes act\u00faan como sustitutos de las ra\u00edces dentales, actualmente est\u00e1n fabricados, en su mayor\u00eda, de titanio y sirven para dar soporte a los nuevos dientes artificiales que estar\u00e1n unidos a ellos.<\/p><p>Los implantes son capaces de integrarse hasta el punto de convivir de forma sana y totalmente natural con el resto de tejidos de la boca.<\/p><p><strong>\u00bfPara qu\u00e9 se utilizan?<\/strong><\/p><p>Se pueden utilizar para reponer piezas dentales perdidas y tambi\u00e9n para dar estabilidad a dentaduras postizas que tienen una movilidad excesiva.<\/p><p>En Cl\u00ednica Dental Ramiro Correa estudiaremos su caso de forma personalizada para darle el diagnostico que mejor se adapte a sus necesidades contando siempre con la \u00faltima tecnolog\u00eda.<\/p><p>En nuestra cl\u00ednica usamos siempre materiales de alta gama, adem\u00e1s al final del tratamiento le entregaremos un carn\u00e9 donde viene reflejada toda la informaci\u00f3n referente a sus implantes.<\/p><p>Veamos ahora las distintas opciones que tenemos a la hora de colocar implantes:<\/p><p><strong>Implantes Unitarios<\/strong><\/p><p>La colocaci\u00f3n de implantes unitarios es la forma m\u00e1s natural para solucionar la p\u00e9rdida o extracci\u00f3n de una pieza dental.<\/p><p>Nos permite recuperar la capacidad de masticaci\u00f3n y la est\u00e9tica de cualquier diente o muela, sin afectar a dientes adyacentes.<\/p>\t\t\t\t\t\t<\/div>\n\t\t\t\t<\/div>\n\t\t\t\t<div class=\"elementor-element elementor-element-0192ceb elementor-widget elementor-widget-image\" data-id=\"0192ceb\" data-element_type=\"widget\" data-widget_type=\"image.default\">\n\t\t\t\t<div class=\"elementor-widget-container\">\n\t\t\t\t\t\t\t\t\t\t\t\t\t<img decoding=\"async\" width=\"245\" height=\"146\" src=\"https:\/\/clinicadentalramirocorrea.com\/wp-content\/uploads\/2024\/05\/DENTISTAS-EN-EL-CENTRO-DE-GRANADA-CLINICA-DENTAL-RAMIRO-CORREA.png\" class=\"attachment-large size-large wp-image-792\" alt=\"\" \/>\t\t\t\t\t\t\t\t\t\t\t\t\t<\/div>\n\t\t\t\t<\/div>\n\t\t\t\t<div class=\"elementor-element elementor-element-55b780f elementor-widget elementor-widget-text-editor\" data-id=\"55b780f\" data-element_type=\"widget\" data-widget_type=\"text-editor.default\">\n\t\t\t\t<div class=\"elementor-widget-container\">\n\t\t\t\t\t\t\t<p><strong>Implantes M\u00faltiples con puente<\/strong><\/p><p>De la misma forma que con los implantes unitarios, si falta m\u00e1s de una pieza, se puede rehabilitar mediante puentes sobre implantes, utilizando as\u00ed menos implantes que el n\u00famero de dientes a reemplazar.<\/p>\t\t\t\t\t\t<\/div>\n\t\t\t\t<\/div>\n\t\t\t\t<div class=\"elementor-element elementor-element-c4c65cc elementor-widget elementor-widget-image\" data-id=\"c4c65cc\" data-element_type=\"widget\" data-widget_type=\"image.default\">\n\t\t\t\t<div class=\"elementor-widget-container\">\n\t\t\t\t\t\t\t\t\t\t\t\t\t<img decoding=\"async\" width=\"230\" height=\"147\" src=\"https:\/\/clinicadentalramirocorrea.com\/wp-content\/uploads\/2024\/05\/MEJORES-CLINICAS-DENTALES-DE-GRANADA-CLINICA-DENTAL-RAMIRO-CORREA.png\" class=\"attachment-large size-large wp-image-795\" alt=\"\" \/>\t\t\t\t\t\t\t\t\t\t\t\t\t<\/div>\n\t\t\t\t<\/div>\n\t\t\t\t<div class=\"elementor-element elementor-element-e90156d elementor-widget elementor-widget-text-editor\" data-id=\"e90156d\" data-element_type=\"widget\" data-widget_type=\"text-editor.default\">\n\t\t\t\t<div class=\"elementor-widget-container\">\n\t\t\t\t\t\t\t<p><strong>Pr\u00f3tesis implantoretenida<\/strong><\/p><p>La sobredentadura es una dentadura retenida por implantes, de forma que se puede extraer para su limpieza.<\/p><p>Con los implantes conseguiremos una mayor retenci\u00f3n y sujeci\u00f3n al maxilar con lo que el paciente ganar\u00e1 en comodidad y confianza.<\/p>\t\t\t\t\t\t<\/div>\n\t\t\t\t<\/div>\n\t\t\t\t<div class=\"elementor-element elementor-element-c878e0b elementor-widget elementor-widget-image\" data-id=\"c878e0b\" data-element_type=\"widget\" data-widget_type=\"image.default\">\n\t\t\t\t<div class=\"elementor-widget-container\">\n\t\t\t\t\t\t\t\t\t\t\t\t\t<img decoding=\"async\" width=\"250\" height=\"133\" src=\"https:\/\/clinicadentalramirocorrea.com\/wp-content\/uploads\/2024\/05\/DENTISTA-24-HORAS-EN-GRANADA-CLINICA-DENTAL-RAMIRO-CORREA.png\" class=\"attachment-large size-large wp-image-798\" alt=\"\" \/>\t\t\t\t\t\t\t\t\t\t\t\t\t<\/div>\n\t\t\t\t<\/div>\n\t\t\t\t<div class=\"elementor-element elementor-element-9f35bcf elementor-widget elementor-widget-text-editor\" data-id=\"9f35bcf\" data-element_type=\"widget\" data-widget_type=\"text-editor.default\">\n\t\t\t\t<div class=\"elementor-widget-container\">\n\t\t\t\t\t\t\t<p><strong>Pr\u00f3tesis implantosoportadas<\/strong><\/p><p>Este tipo de pr\u00f3tesis est\u00e1 soportada por 6 u 8 implantes, que la sujetan de forma fija, con la comodidad y seguridad que ello conlleva para el paciente.<\/p>\t\t\t\t\t\t<\/div>\n\t\t\t\t<\/div>\n\t\t\t\t<div class=\"elementor-element elementor-element-af7fab3 elementor-widget elementor-widget-image\" data-id=\"af7fab3\" data-element_type=\"widget\" data-widget_type=\"image.default\">\n\t\t\t\t<div class=\"elementor-widget-container\">\n\t\t\t\t\t\t\t\t\t\t\t\t\t<img loading=\"lazy\" decoding=\"async\" width=\"250\" height=\"117\" src=\"https:\/\/clinicadentalramirocorrea.com\/wp-content\/uploads\/2024\/05\/ATENCION-DENTAL-URGENTE-EN-GRANADA-CLINICA-DENTAL-RAMIRO-CORREA.png\" class=\"attachment-large size-large wp-image-799\" alt=\"\" \/>\t\t\t\t\t\t\t\t\t\t\t\t\t<\/div>\n\t\t\t\t<\/div>\n\t\t\t\t<\/div>\n\t\t\t\t<\/div>\n\t\t","protected":false},"excerpt":{"rendered":"<p>\ud83d\udccd Direcci\u00f3n: Calle Mart\u00ednez Campos, 20, Bajo, 18002 Granada Tel\u00e9fono Destacado \ud83d\udcde Tel\u00e9fono: 958 10 69 08 &#8211; 671 54 50 81 \ud83d\udd50 Lunes a Jueves de 9:30\u201313:30, 16:30\u201320:30, Viernes solo ma\u00f1ana. Implante Dental Todos hemos o\u00eddo hablar de ellos pero \u00bfQu\u00e9 son los implantes? Los implantes act\u00faan como sustitutos de las ra\u00edces dentales, actualmente [&hellip;]<\/p>\n","protected":false},"author":1,"featured_media":0,"parent":0,"menu_order":0,"comment_status":"closed","ping_status":"closed","template":"","meta":{"footnotes":""},"class_list":["post-197","page","type-page","status-publish","hentry"],"_links":{"self":[{"href":"https:\/\/clinicadentalramirocorrea.com\/index.php?rest_route=\/wp\/v2\/pages\/197","targetHints":{"allow":["GET"]}}],"collection":[{"href":"https:\/\/clinicadentalramirocorrea.com\/index.php?rest_route=\/wp\/v2\/pages"}],"about":[{"href":"https:\/\/clinicadentalramirocorrea.com\/index.php?rest_route=\/wp\/v2\/types\/page"}],"author":[{"embeddable":true,"href":"https:\/\/clinicadentalramirocorrea.com\/index.php?rest_route=\/wp\/v2\/users\/1"}],"replies":[{"embeddable":true,"href":"https:\/\/clinicadentalramirocorrea.com\/index.php?rest_route=%2Fwp%2Fv2%2Fcomments&post=197"}],"version-history":[{"count":50,"href":"https:\/\/clinicadentalramirocorrea.com\/index.php?rest_route=\/wp\/v2\/pages\/197\/revisions"}],"predecessor-version":[{"id":1459,"href":"https:\/\/clinicadentalramirocorrea.com\/index.php?rest_route=\/wp\/v2\/pages\/197\/revisions\/1459"}],"wp:attachment":[{"href":"https:\/\/clinicadentalramirocorrea.com\/index.php?rest_route=%2Fwp%2Fv2%2Fmedia&parent=197"}],"curies":[{"name":"wp","href":"https:\/\/api.w.org\/{rel}","templated":true}]}}