{"id":248,"date":"2024-05-04T11:20:02","date_gmt":"2024-05-04T09:20:02","guid":{"rendered":"http:\/\/192.168.1.102\/clinicadentalramirocorrea.com\/?page_id=248"},"modified":"2024-10-07T13:58:19","modified_gmt":"2024-10-07T11:58:19","slug":"odontologia-dental-cerec","status":"publish","type":"page","link":"https:\/\/clinicadentalramirocorrea.com\/?page_id=248","title":{"rendered":"ODONTOLOGIA DENTAL CEREC"},"content":{"rendered":"\t\t<div data-elementor-type=\"wp-page\" data-elementor-id=\"248\" class=\"elementor elementor-248\">\n\t\t\t\t<div class=\"elementor-element elementor-element-ac63b59 e-con-full elementor-hidden-tablet elementor-hidden-mobile e-flex e-con e-parent\" data-id=\"ac63b59\" data-element_type=\"container\" data-settings=\"{&quot;background_background&quot;:&quot;classic&quot;}\">\n\t\t\t\t<div class=\"elementor-element elementor-element-d165650 elementor-widget elementor-widget-text-editor\" data-id=\"d165650\" data-element_type=\"widget\" data-widget_type=\"text-editor.default\">\n\t\t\t\t<div class=\"elementor-widget-container\">\n\t\t\t<style>\/*! elementor - v3.21.0 - 26-05-2024 *\/\n.elementor-widget-text-editor.elementor-drop-cap-view-stacked .elementor-drop-cap{background-color:#69727d;color:#fff}.elementor-widget-text-editor.elementor-drop-cap-view-framed .elementor-drop-cap{color:#69727d;border:3px solid;background-color:transparent}.elementor-widget-text-editor:not(.elementor-drop-cap-view-default) .elementor-drop-cap{margin-top:8px}.elementor-widget-text-editor:not(.elementor-drop-cap-view-default) .elementor-drop-cap-letter{width:1em;height:1em}.elementor-widget-text-editor .elementor-drop-cap{float:left;text-align:center;line-height:1;font-size:50px}.elementor-widget-text-editor .elementor-drop-cap-letter{display:inline-block}<\/style>\t\t\t\t<p>\ud83d\udccd Direcci\u00f3n: Calle Mart\u00ednez Campos, 20, Bajo, 18002 Granada<\/p>\t\t\t\t\t\t<\/div>\n\t\t\t\t<\/div>\n\t\t\t\t<div class=\"elementor-element elementor-element-b1b6986 elementor-widget elementor-widget-html\" data-id=\"b1b6986\" data-element_type=\"widget\" data-widget_type=\"html.default\">\n\t\t\t\t<div class=\"elementor-widget-container\">\n\t\t\t<!DOCTYPE html>\r\n<html lang=\"es\">\r\n<head>\r\n    <meta charset=\"UTF-8\">\r\n    <meta name=\"viewport\" content=\"width=device-width, initial-scale=1.0\">\r\n    <title>Tel\u00e9fono Destacado<\/title>\r\n    <style>\r\n        .phone-link {\r\n            color: white;\r\n            text-decoration: none;\r\n            font-weight: bold;\r\n            position: relative;\r\n            transition: color 0.3s ease;\r\n            animation: highlight 3s ease-in-out infinite;\r\n        }\r\n        .phone-link:hover {\r\n            color: #0056b3;\r\n        }\r\n        .phone-link::after {\r\n            content: '';\r\n            position: absolute;\r\n            width: 100%;\r\n            height: 2px;\r\n            bottom: 0;\r\n            left: 0;\r\n            background-color: #0056b3;\r\n            visibility: hidden;\r\n            transform: scaleX(0);\r\n            transition: all 0.3s ease-in-out;\r\n        }\r\n        .phone-link:hover::after {\r\n            visibility: visible;\r\n            transform: scaleX(1);\r\n        }\r\n        @keyframes highlight {\r\n            0% {\r\n                color: white;\r\n                text-shadow: none;\r\n            }\r\n            50% {\r\n                color: #ff9900;\r\n                text-shadow: 0 0 10px rgba(255, 153, 0, 0.5);\r\n            }\r\n            100% {\r\n                color: white;\r\n                text-shadow: none;\r\n            }\r\n        }\r\n        .whatsapp-logo {\r\n            width: 20px;\r\n            height: 20px;\r\n            vertical-align: middle;\r\n            margin-right: 5px;\r\n        }\r\n    <\/style>\r\n<\/head>\r\n<body>\r\n\r\n    \ud83d\udcde Tel\u00e9fono: <a class=\"phone-link\" href=\"tel:958106908\">958 10 69 08<\/a> - <img decoding=\"async\" class=\"whatsapp-logo\" src=\"https:\/\/upload.wikimedia.org\/wikipedia\/commons\/6\/6b\/WhatsApp.svg\" alt=\"WhatsApp\"> <a class=\"phone-link\" href=\"tel:617545081\">671 54 50 81<\/a>\r\n\r\n<\/body>\r\n<\/html>\r\n\t\t<\/div>\n\t\t\t\t<\/div>\n\t\t\t\t<div class=\"elementor-element elementor-element-445f7b4 elementor-widget elementor-widget-text-editor\" data-id=\"445f7b4\" data-element_type=\"widget\" data-widget_type=\"text-editor.default\">\n\t\t\t\t<div class=\"elementor-widget-container\">\n\t\t\t\t\t\t\t<p>\ud83d\udd50 Lunes a Jueves de 9:30\u201313:30, 16:30\u201320:30, Viernes solo ma\u00f1ana.<\/p>\t\t\t\t\t\t<\/div>\n\t\t\t\t<\/div>\n\t\t\t\t<\/div>\n\t\t<div class=\"elementor-element elementor-element-738b009 e-con-full elementor-hidden-desktop elementor-hidden-tablet elementor-hidden-mobile e-flex e-con e-parent\" data-id=\"738b009\" data-element_type=\"container\">\n\t\t\t\t<div class=\"elementor-element elementor-element-f17428a elementor-widget elementor-widget-text-editor\" data-id=\"f17428a\" data-element_type=\"widget\" data-widget_type=\"text-editor.default\">\n\t\t\t\t<div class=\"elementor-widget-container\">\n\t\t\t\t\t\t\t<p>Odontologia Digital CEREC<\/p>\t\t\t\t\t\t<\/div>\n\t\t\t\t<\/div>\n\t\t\t\t<div class=\"elementor-element elementor-element-1c291e3 elementor-widget elementor-widget-text-editor\" data-id=\"1c291e3\" data-element_type=\"widget\" data-widget_type=\"text-editor.default\">\n\t\t\t\t<div class=\"elementor-widget-container\">\n\t\t\t\t\t\t\t<p>La odontolog\u00eda avanza a un ritmo vertiginoso y no paran de aparecer nuevas t\u00e9cnicas que nos permiten mejorar la calidad de los tratamientos. <strong>En Cl\u00ednica Dental Ramiro Correa<\/strong> apostamos por incorporar estos avances para que nuestros pacientes puedan beneficiarse de ellos.<\/p><p>Por ello en nuestra Cl\u00ednica podr\u00e1n encontrar la tecnolog\u00eda CEREC (CEramic REConstrution) que nos permite dise\u00f1ar y fabricar fundas, incrustaciones, puentes y carillas dentales en el acto. Aqu\u00ed REALIZAREMOS SU TRATAMIENTO EN UNA SOLA SESI\u00d3N.<\/p><p><strong>BENEFICIOS DE LA TECNOLOG\u00cdA CEREC CAD-CAM:<\/strong><\/p><p>Pr\u00f3tesis libres de metal<\/p><p>Sin necesidad de realizar moldes o incomodas impresiones<\/p><p>Est\u00e9tica Natural<\/p><p>Ajuste prefecto<\/p><p>Sin molestas piezas provisionales<\/p><p>\u00bfLe hemos despertado la curiosidad?\u2026siga leyendo y conozca un poco m\u00e1s sobre como ponemos a su alcance la \u00faltima tecnolog\u00eda en la fabricaci\u00f3n de pr\u00f3tesis\u2026EN UNA SOLA SESI\u00d3N<\/p><p><strong>\u00bfC\u00d3MO FUNCIONA CEREC?<\/strong><\/p><p>El primer paso es la impresi\u00f3n digital de los dientes: Sencillo, r\u00e1pido y preciso.<\/p><p>El Doctor con una peque\u00f1a c\u00e1mara intraoral captar\u00e1 im\u00e1genes en tres dimensiones de sus dientes. Con estas im\u00e1genes y con la ayuda del software se construye un modelo de los mismos en el ordenador.<\/p>\t\t\t\t\t\t<\/div>\n\t\t\t\t<\/div>\n\t\t\t\t<div class=\"elementor-element elementor-element-792fee8 elementor-widget elementor-widget-image\" data-id=\"792fee8\" data-element_type=\"widget\" data-widget_type=\"image.default\">\n\t\t\t\t<div class=\"elementor-widget-container\">\n\t\t\t<style>\/*! elementor - v3.21.0 - 26-05-2024 *\/\n.elementor-widget-image{text-align:center}.elementor-widget-image a{display:inline-block}.elementor-widget-image a img[src$=\".svg\"]{width:48px}.elementor-widget-image img{vertical-align:middle;display:inline-block}<\/style>\t\t\t\t\t\t\t\t\t\t<img fetchpriority=\"high\" decoding=\"async\" width=\"516\" height=\"286\" src=\"https:\/\/clinicadentalramirocorrea.com\/wp-content\/uploads\/2024\/05\/CLINICAS-DENTALES-ACCESIBLES-EN-GRANADA-CLINICA-DENTAL-RAMIRO-CORREA.png\" class=\"attachment-large size-large wp-image-804\" alt=\"\" srcset=\"https:\/\/clinicadentalramirocorrea.com\/wp-content\/uploads\/2024\/05\/CLINICAS-DENTALES-ACCESIBLES-EN-GRANADA-CLINICA-DENTAL-RAMIRO-CORREA.png 516w, https:\/\/clinicadentalramirocorrea.com\/wp-content\/uploads\/2024\/05\/CLINICAS-DENTALES-ACCESIBLES-EN-GRANADA-CLINICA-DENTAL-RAMIRO-CORREA-300x166.png 300w\" sizes=\"(max-width: 516px) 100vw, 516px\" \/>\t\t\t\t\t\t\t\t\t\t\t\t\t<\/div>\n\t\t\t\t<\/div>\n\t\t\t\t<div class=\"elementor-element elementor-element-3f24e99 elementor-widget elementor-widget-text-editor\" data-id=\"3f24e99\" data-element_type=\"widget\" data-widget_type=\"text-editor.default\">\n\t\t\t\t<div class=\"elementor-widget-container\">\n\t\t\t\t\t\t\t<p>El segundo paso es el dise\u00f1o: Precisi\u00f3n<\/p><p>Una vez que tenemos la impresi\u00f3n digital utilizando las m\u00faltiples herramientas del programa dise\u00f1aremos la pr\u00f3tesis que necesitemos: carillas, coronas, incrustaciones, puentes o pr\u00f3tesis sobre implante, todo ello con la mayor de las precisiones.<\/p>\t\t\t\t\t\t<\/div>\n\t\t\t\t<\/div>\n\t\t\t\t<div class=\"elementor-element elementor-element-050e534 elementor-widget elementor-widget-image\" data-id=\"050e534\" data-element_type=\"widget\" data-widget_type=\"image.default\">\n\t\t\t\t<div class=\"elementor-widget-container\">\n\t\t\t\t\t\t\t\t\t\t\t\t\t<img decoding=\"async\" width=\"639\" height=\"308\" src=\"https:\/\/clinicadentalramirocorrea.com\/wp-content\/uploads\/2024\/05\/ODONTOLOGOS-INFANTILES-EN-GRANADA-CLINICA-DENTAL-RAMIRO-CORREA.png\" class=\"attachment-large size-large wp-image-814\" alt=\"\" srcset=\"https:\/\/clinicadentalramirocorrea.com\/wp-content\/uploads\/2024\/05\/ODONTOLOGOS-INFANTILES-EN-GRANADA-CLINICA-DENTAL-RAMIRO-CORREA.png 639w, https:\/\/clinicadentalramirocorrea.com\/wp-content\/uploads\/2024\/05\/ODONTOLOGOS-INFANTILES-EN-GRANADA-CLINICA-DENTAL-RAMIRO-CORREA-300x145.png 300w\" sizes=\"(max-width: 639px) 100vw, 639px\" \/>\t\t\t\t\t\t\t\t\t\t\t\t\t<\/div>\n\t\t\t\t<\/div>\n\t\t\t\t<div class=\"elementor-element elementor-element-f261b1c elementor-widget elementor-widget-text-editor\" data-id=\"f261b1c\" data-element_type=\"widget\" data-widget_type=\"text-editor.default\">\n\t\t\t\t<div class=\"elementor-widget-container\">\n\t\t\t\t\t\t\t<p>El tercer y \u00faltimo paso es confeccionar nuestra pr\u00f3tesis: Rapidez y precisi\u00f3n.<\/p><p>Una vez que tenemos tanto la impresi\u00f3n digital como el dise\u00f1o tan solo nos queda enviar la informaci\u00f3n a la fresadora que en pocos minutos tendr\u00e1 nuestra pr\u00f3tesis lista.<\/p><p>Para su confecci\u00f3n utilizamos bloques de cer\u00e1mica biocompatibles de alta calidad, por lo que eliminamos completamente el metal, asegurando as\u00ed la tolerancia por parte del paciente.<\/p>\t\t\t\t\t\t<\/div>\n\t\t\t\t<\/div>\n\t\t\t\t<div class=\"elementor-element elementor-element-43a3c75 elementor-widget elementor-widget-image\" data-id=\"43a3c75\" data-element_type=\"widget\" data-widget_type=\"image.default\">\n\t\t\t\t<div class=\"elementor-widget-container\">\n\t\t\t\t\t\t\t\t\t\t\t\t\t<img decoding=\"async\" width=\"602\" height=\"343\" src=\"https:\/\/clinicadentalramirocorrea.com\/wp-content\/uploads\/2024\/05\/TRATAMIENTOS-DE-CARILLAS-DENTALES-EN-GRANADA-CLINICA-DENTAL-RAMIRO-CORREA.png\" class=\"attachment-large size-large wp-image-815\" alt=\"\" srcset=\"https:\/\/clinicadentalramirocorrea.com\/wp-content\/uploads\/2024\/05\/TRATAMIENTOS-DE-CARILLAS-DENTALES-EN-GRANADA-CLINICA-DENTAL-RAMIRO-CORREA.png 602w, https:\/\/clinicadentalramirocorrea.com\/wp-content\/uploads\/2024\/05\/TRATAMIENTOS-DE-CARILLAS-DENTALES-EN-GRANADA-CLINICA-DENTAL-RAMIRO-CORREA-300x171.png 300w\" sizes=\"(max-width: 602px) 100vw, 602px\" \/>\t\t\t\t\t\t\t\t\t\t\t\t\t<\/div>\n\t\t\t\t<\/div>\n\t\t\t\t<\/div>\n\t\t<div class=\"elementor-element elementor-element-c04aa17 e-con-full elementor-hidden-widescreen e-flex e-con e-parent\" data-id=\"c04aa17\" data-element_type=\"container\">\n\t\t\t\t<div class=\"elementor-element elementor-element-f9b1ee1 elementor-widget elementor-widget-text-editor\" data-id=\"f9b1ee1\" data-element_type=\"widget\" data-widget_type=\"text-editor.default\">\n\t\t\t\t<div class=\"elementor-widget-container\">\n\t\t\t\t\t\t\t<p>Odontologia Digital CEREC<\/p>\t\t\t\t\t\t<\/div>\n\t\t\t\t<\/div>\n\t\t\t\t<div class=\"elementor-element elementor-element-700c81b elementor-widget elementor-widget-text-editor\" data-id=\"700c81b\" data-element_type=\"widget\" data-widget_type=\"text-editor.default\">\n\t\t\t\t<div class=\"elementor-widget-container\">\n\t\t\t\t\t\t\t<p>La odontolog\u00eda avanza a un ritmo vertiginoso y no paran de aparecer nuevas t\u00e9cnicas que nos permiten mejorar la calidad de los tratamientos. <strong>En Cl\u00ednica Dental Ramiro Correa<\/strong> apostamos por incorporar estos avances para que nuestros pacientes puedan beneficiarse de ellos.<\/p><p>Por ello en nuestra Cl\u00ednica podr\u00e1n encontrar la tecnolog\u00eda CEREC (CEramic REConstrution) que nos permite dise\u00f1ar y fabricar fundas, incrustaciones, puentes y carillas dentales en el acto. Aqu\u00ed REALIZAREMOS SU TRATAMIENTO EN UNA SOLA SESI\u00d3N.<\/p><p><strong>BENEFICIOS DE LA TECNOLOG\u00cdA CEREC CAD-CAM:<\/strong><\/p><p>Pr\u00f3tesis libres de metal<\/p><p>Sin necesidad de realizar moldes o incomodas impresiones<\/p><p>Est\u00e9tica Natural<\/p><p>Ajuste prefecto<\/p><p>Sin molestas piezas provisionales<\/p><p>\u00bfLe hemos despertado la curiosidad?\u2026siga leyendo y conozca un poco m\u00e1s sobre como ponemos a su alcance la \u00faltima tecnolog\u00eda en la fabricaci\u00f3n de pr\u00f3tesis\u2026EN UNA SOLA SESI\u00d3N<\/p><p><strong>\u00bfC\u00d3MO FUNCIONA CEREC?<\/strong><\/p><p>El primer paso es la impresi\u00f3n digital de los dientes: Sencillo, r\u00e1pido y preciso.<\/p><p>El Doctor con una peque\u00f1a c\u00e1mara intraoral captar\u00e1 im\u00e1genes en tres dimensiones de sus dientes. Con estas im\u00e1genes y con la ayuda del software se construye un modelo de los mismos en el ordenador.<\/p>\t\t\t\t\t\t<\/div>\n\t\t\t\t<\/div>\n\t\t\t\t<div class=\"elementor-element elementor-element-9c519ee elementor-widget elementor-widget-image\" data-id=\"9c519ee\" data-element_type=\"widget\" data-widget_type=\"image.default\">\n\t\t\t\t<div class=\"elementor-widget-container\">\n\t\t\t\t\t\t\t\t\t\t\t\t\t<img fetchpriority=\"high\" decoding=\"async\" width=\"516\" height=\"286\" src=\"https:\/\/clinicadentalramirocorrea.com\/wp-content\/uploads\/2024\/05\/CLINICAS-DENTALES-ACCESIBLES-EN-GRANADA-CLINICA-DENTAL-RAMIRO-CORREA.png\" class=\"attachment-large size-large wp-image-804\" alt=\"\" srcset=\"https:\/\/clinicadentalramirocorrea.com\/wp-content\/uploads\/2024\/05\/CLINICAS-DENTALES-ACCESIBLES-EN-GRANADA-CLINICA-DENTAL-RAMIRO-CORREA.png 516w, https:\/\/clinicadentalramirocorrea.com\/wp-content\/uploads\/2024\/05\/CLINICAS-DENTALES-ACCESIBLES-EN-GRANADA-CLINICA-DENTAL-RAMIRO-CORREA-300x166.png 300w\" sizes=\"(max-width: 516px) 100vw, 516px\" \/>\t\t\t\t\t\t\t\t\t\t\t\t\t<\/div>\n\t\t\t\t<\/div>\n\t\t\t\t<div class=\"elementor-element elementor-element-397f40a elementor-widget elementor-widget-text-editor\" data-id=\"397f40a\" data-element_type=\"widget\" data-widget_type=\"text-editor.default\">\n\t\t\t\t<div class=\"elementor-widget-container\">\n\t\t\t\t\t\t\t<p>El segundo paso es el dise\u00f1o: Precisi\u00f3n<\/p><p>Una vez que tenemos la impresi\u00f3n digital utilizando las m\u00faltiples herramientas del programa dise\u00f1aremos la pr\u00f3tesis que necesitemos: carillas, coronas, incrustaciones, puentes o pr\u00f3tesis sobre implante, todo ello con la mayor de las precisiones.<\/p>\t\t\t\t\t\t<\/div>\n\t\t\t\t<\/div>\n\t\t\t\t<div class=\"elementor-element elementor-element-e14e962 elementor-widget elementor-widget-image\" data-id=\"e14e962\" data-element_type=\"widget\" data-widget_type=\"image.default\">\n\t\t\t\t<div class=\"elementor-widget-container\">\n\t\t\t\t\t\t\t\t\t\t\t\t\t<img decoding=\"async\" width=\"639\" height=\"308\" src=\"https:\/\/clinicadentalramirocorrea.com\/wp-content\/uploads\/2024\/05\/ODONTOLOGOS-INFANTILES-EN-GRANADA-CLINICA-DENTAL-RAMIRO-CORREA.png\" class=\"attachment-large size-large wp-image-814\" alt=\"\" srcset=\"https:\/\/clinicadentalramirocorrea.com\/wp-content\/uploads\/2024\/05\/ODONTOLOGOS-INFANTILES-EN-GRANADA-CLINICA-DENTAL-RAMIRO-CORREA.png 639w, https:\/\/clinicadentalramirocorrea.com\/wp-content\/uploads\/2024\/05\/ODONTOLOGOS-INFANTILES-EN-GRANADA-CLINICA-DENTAL-RAMIRO-CORREA-300x145.png 300w\" sizes=\"(max-width: 639px) 100vw, 639px\" \/>\t\t\t\t\t\t\t\t\t\t\t\t\t<\/div>\n\t\t\t\t<\/div>\n\t\t\t\t<div class=\"elementor-element elementor-element-7d3616a elementor-widget elementor-widget-text-editor\" data-id=\"7d3616a\" data-element_type=\"widget\" data-widget_type=\"text-editor.default\">\n\t\t\t\t<div class=\"elementor-widget-container\">\n\t\t\t\t\t\t\t<p>El tercer y \u00faltimo paso es confeccionar nuestra pr\u00f3tesis: Rapidez y precisi\u00f3n.<\/p><p>Una vez que tenemos tanto la impresi\u00f3n digital como el dise\u00f1o tan solo nos queda enviar la informaci\u00f3n a la fresadora que en pocos minutos tendr\u00e1 nuestra pr\u00f3tesis lista.<\/p><p>Para su confecci\u00f3n utilizamos bloques de cer\u00e1mica biocompatibles de alta calidad, por lo que eliminamos completamente el metal, asegurando as\u00ed la tolerancia por parte del paciente.<\/p>\t\t\t\t\t\t<\/div>\n\t\t\t\t<\/div>\n\t\t\t\t<div class=\"elementor-element elementor-element-fd6148b elementor-widget elementor-widget-image\" data-id=\"fd6148b\" data-element_type=\"widget\" data-widget_type=\"image.default\">\n\t\t\t\t<div class=\"elementor-widget-container\">\n\t\t\t\t\t\t\t\t\t\t\t\t\t<img decoding=\"async\" width=\"602\" height=\"343\" src=\"https:\/\/clinicadentalramirocorrea.com\/wp-content\/uploads\/2024\/05\/TRATAMIENTOS-DE-CARILLAS-DENTALES-EN-GRANADA-CLINICA-DENTAL-RAMIRO-CORREA.png\" class=\"attachment-large size-large wp-image-815\" alt=\"\" srcset=\"https:\/\/clinicadentalramirocorrea.com\/wp-content\/uploads\/2024\/05\/TRATAMIENTOS-DE-CARILLAS-DENTALES-EN-GRANADA-CLINICA-DENTAL-RAMIRO-CORREA.png 602w, https:\/\/clinicadentalramirocorrea.com\/wp-content\/uploads\/2024\/05\/TRATAMIENTOS-DE-CARILLAS-DENTALES-EN-GRANADA-CLINICA-DENTAL-RAMIRO-CORREA-300x171.png 300w\" sizes=\"(max-width: 602px) 100vw, 602px\" \/>\t\t\t\t\t\t\t\t\t\t\t\t\t<\/div>\n\t\t\t\t<\/div>\n\t\t\t\t<\/div>\n\t\t\t\t<\/div>\n\t\t","protected":false},"excerpt":{"rendered":"<p>\ud83d\udccd Direcci\u00f3n: Calle Mart\u00ednez Campos, 20, Bajo, 18002 Granada Tel\u00e9fono Destacado \ud83d\udcde Tel\u00e9fono: 958 10 69 08 &#8211; 671 54 50 81 \ud83d\udd50 Lunes a Jueves de 9:30\u201313:30, 16:30\u201320:30, Viernes solo ma\u00f1ana. Odontologia Digital CEREC La odontolog\u00eda avanza a un ritmo vertiginoso y no paran de aparecer nuevas t\u00e9cnicas que nos permiten mejorar la calidad [&hellip;]<\/p>\n","protected":false},"author":1,"featured_media":0,"parent":0,"menu_order":0,"comment_status":"closed","ping_status":"closed","template":"","meta":{"footnotes":""},"class_list":["post-248","page","type-page","status-publish","hentry"],"_links":{"self":[{"href":"https:\/\/clinicadentalramirocorrea.com\/index.php?rest_route=\/wp\/v2\/pages\/248","targetHints":{"allow":["GET"]}}],"collection":[{"href":"https:\/\/clinicadentalramirocorrea.com\/index.php?rest_route=\/wp\/v2\/pages"}],"about":[{"href":"https:\/\/clinicadentalramirocorrea.com\/index.php?rest_route=\/wp\/v2\/types\/page"}],"author":[{"embeddable":true,"href":"https:\/\/clinicadentalramirocorrea.com\/index.php?rest_route=\/wp\/v2\/users\/1"}],"replies":[{"embeddable":true,"href":"https:\/\/clinicadentalramirocorrea.com\/index.php?rest_route=%2Fwp%2Fv2%2Fcomments&post=248"}],"version-history":[{"count":40,"href":"https:\/\/clinicadentalramirocorrea.com\/index.php?rest_route=\/wp\/v2\/pages\/248\/revisions"}],"predecessor-version":[{"id":1471,"href":"https:\/\/clinicadentalramirocorrea.com\/index.php?rest_route=\/wp\/v2\/pages\/248\/revisions\/1471"}],"wp:attachment":[{"href":"https:\/\/clinicadentalramirocorrea.com\/index.php?rest_route=%2Fwp%2Fv2%2Fmedia&parent=248"}],"curies":[{"name":"wp","href":"https:\/\/api.w.org\/{rel}","templated":true}]}}