{"id":274,"date":"2024-05-04T11:28:27","date_gmt":"2024-05-04T09:28:27","guid":{"rendered":"http:\/\/192.168.1.102\/clinicadentalramirocorrea.com\/?page_id=274"},"modified":"2024-10-07T13:58:40","modified_gmt":"2024-10-07T11:58:40","slug":"ortodoncia","status":"publish","type":"page","link":"https:\/\/clinicadentalramirocorrea.com\/?page_id=274","title":{"rendered":"ORTODONC\u00cdA"},"content":{"rendered":"\t\t<div data-elementor-type=\"wp-page\" data-elementor-id=\"274\" class=\"elementor elementor-274\">\n\t\t\t\t<div class=\"elementor-element elementor-element-347fd45 e-con-full elementor-hidden-tablet elementor-hidden-mobile e-flex e-con e-parent\" data-id=\"347fd45\" data-element_type=\"container\" data-settings=\"{&quot;background_background&quot;:&quot;classic&quot;}\">\n\t\t\t\t<div class=\"elementor-element elementor-element-767954e elementor-widget elementor-widget-text-editor\" data-id=\"767954e\" data-element_type=\"widget\" data-widget_type=\"text-editor.default\">\n\t\t\t\t<div class=\"elementor-widget-container\">\n\t\t\t<style>\/*! elementor - v3.21.0 - 26-05-2024 *\/\n.elementor-widget-text-editor.elementor-drop-cap-view-stacked .elementor-drop-cap{background-color:#69727d;color:#fff}.elementor-widget-text-editor.elementor-drop-cap-view-framed .elementor-drop-cap{color:#69727d;border:3px solid;background-color:transparent}.elementor-widget-text-editor:not(.elementor-drop-cap-view-default) .elementor-drop-cap{margin-top:8px}.elementor-widget-text-editor:not(.elementor-drop-cap-view-default) .elementor-drop-cap-letter{width:1em;height:1em}.elementor-widget-text-editor .elementor-drop-cap{float:left;text-align:center;line-height:1;font-size:50px}.elementor-widget-text-editor .elementor-drop-cap-letter{display:inline-block}<\/style>\t\t\t\t<p>\ud83d\udccd Direcci\u00f3n: Calle Mart\u00ednez Campos, 20, Bajo, 18002 Granada<\/p>\t\t\t\t\t\t<\/div>\n\t\t\t\t<\/div>\n\t\t\t\t<div class=\"elementor-element elementor-element-07329bc elementor-widget elementor-widget-html\" data-id=\"07329bc\" data-element_type=\"widget\" data-widget_type=\"html.default\">\n\t\t\t\t<div class=\"elementor-widget-container\">\n\t\t\t<!DOCTYPE html>\r\n<html lang=\"es\">\r\n<head>\r\n    <meta charset=\"UTF-8\">\r\n    <meta name=\"viewport\" content=\"width=device-width, initial-scale=1.0\">\r\n    <title>Tel\u00e9fono Destacado<\/title>\r\n    <style>\r\n        .phone-link {\r\n            color: white;\r\n            text-decoration: none;\r\n            font-weight: bold;\r\n            position: relative;\r\n            transition: color 0.3s ease;\r\n            animation: highlight 3s ease-in-out infinite;\r\n        }\r\n        .phone-link:hover {\r\n            color: #0056b3;\r\n        }\r\n        .phone-link::after {\r\n            content: '';\r\n            position: absolute;\r\n            width: 100%;\r\n            height: 2px;\r\n            bottom: 0;\r\n            left: 0;\r\n            background-color: #0056b3;\r\n            visibility: hidden;\r\n            transform: scaleX(0);\r\n            transition: all 0.3s ease-in-out;\r\n        }\r\n        .phone-link:hover::after {\r\n            visibility: visible;\r\n            transform: scaleX(1);\r\n        }\r\n        @keyframes highlight {\r\n            0% {\r\n                color: white;\r\n                text-shadow: none;\r\n            }\r\n            50% {\r\n                color: #ff9900;\r\n                text-shadow: 0 0 10px rgba(255, 153, 0, 0.5);\r\n            }\r\n            100% {\r\n                color: white;\r\n                text-shadow: none;\r\n            }\r\n        }\r\n        .whatsapp-logo {\r\n            width: 20px;\r\n            height: 20px;\r\n            vertical-align: middle;\r\n            margin-right: 5px;\r\n        }\r\n    <\/style>\r\n<\/head>\r\n<body>\r\n\r\n    \ud83d\udcde Tel\u00e9fono: <a class=\"phone-link\" href=\"tel:958106908\">958 10 69 08<\/a> - <img decoding=\"async\" class=\"whatsapp-logo\" src=\"https:\/\/upload.wikimedia.org\/wikipedia\/commons\/6\/6b\/WhatsApp.svg\" alt=\"WhatsApp\"> <a class=\"phone-link\" href=\"tel:617545081\">671 54 50 81<\/a>\r\n\r\n<\/body>\r\n<\/html>\r\n\t\t<\/div>\n\t\t\t\t<\/div>\n\t\t\t\t<div class=\"elementor-element elementor-element-4c8f53b elementor-widget elementor-widget-text-editor\" data-id=\"4c8f53b\" data-element_type=\"widget\" data-widget_type=\"text-editor.default\">\n\t\t\t\t<div class=\"elementor-widget-container\">\n\t\t\t\t\t\t\t<p>\ud83d\udd50 Lunes a Jueves de 9:30\u201313:30, 16:30\u201320:30, Viernes solo ma\u00f1ana.<\/p>\t\t\t\t\t\t<\/div>\n\t\t\t\t<\/div>\n\t\t\t\t<\/div>\n\t\t<div class=\"elementor-element elementor-element-f06ab33 e-con-full elementor-hidden-desktop elementor-hidden-tablet elementor-hidden-mobile e-flex e-con e-parent\" data-id=\"f06ab33\" data-element_type=\"container\">\n\t\t\t\t<div class=\"elementor-element elementor-element-91e4b01 elementor-widget elementor-widget-text-editor\" data-id=\"91e4b01\" data-element_type=\"widget\" data-widget_type=\"text-editor.default\">\n\t\t\t\t<div class=\"elementor-widget-container\">\n\t\t\t\t\t\t\t<p>Ortodonc\u00eda<\/p>\t\t\t\t\t\t<\/div>\n\t\t\t\t<\/div>\n\t\t\t\t<div class=\"elementor-element elementor-element-1c7ead5 elementor-widget elementor-widget-text-editor\" data-id=\"1c7ead5\" data-element_type=\"widget\" data-widget_type=\"text-editor.default\">\n\t\t\t\t<div class=\"elementor-widget-container\">\n\t\t\t\t\t\t\t<p><strong>\u00bfQu\u00e9 es realmente la ortodoncia?<\/strong><\/p><p>Dicho de forma sencilla, es la t\u00e9cnica que se encarga de corregir la mala colocaci\u00f3n de los dientes.<\/p><p>Aunque en un principio puede parecer solo una cuesti\u00f3n est\u00e9tica, en muchos casos de recurre a ella por otros motivos como puede ser una mala oclusi\u00f3n, un problema muy extendido que puede afectar al habla, la mordida e incluso a la respiraci\u00f3n.<\/p><p><strong>En Cl\u00ednica Dental Ramiro Correa<\/strong>, estudiaremos su caso de forma personalizada, para ello nuestro ortodoncista le har\u00e1 un exhaustivo estudio previo para poder as\u00ed asesorarle sobre las distintas opciones que existen.<\/p><p>En nuestra Cl\u00ednica encontrar\u00e1 el tratamiento que mejor se adapte a sus necesidades:<\/p>\t\t\t\t\t\t<\/div>\n\t\t\t\t<\/div>\n\t\t\t\t<div class=\"elementor-element elementor-element-83ca728 elementor-widget elementor-widget-image\" data-id=\"83ca728\" data-element_type=\"widget\" data-widget_type=\"image.default\">\n\t\t\t\t<div class=\"elementor-widget-container\">\n\t\t\t<style>\/*! elementor - v3.21.0 - 26-05-2024 *\/\n.elementor-widget-image{text-align:center}.elementor-widget-image a{display:inline-block}.elementor-widget-image a img[src$=\".svg\"]{width:48px}.elementor-widget-image img{vertical-align:middle;display:inline-block}<\/style>\t\t\t\t\t\t\t\t\t\t<img fetchpriority=\"high\" decoding=\"async\" width=\"800\" height=\"238\" src=\"https:\/\/clinicadentalramirocorrea.com\/wp-content\/uploads\/2024\/04\/CLINICA-DENTAL-EN-GRANADA-CLINICA-DENTAL-RAMIRO-CORREA.jpg\" class=\"attachment-large size-large wp-image-52\" alt=\"\" srcset=\"https:\/\/clinicadentalramirocorrea.com\/wp-content\/uploads\/2024\/04\/CLINICA-DENTAL-EN-GRANADA-CLINICA-DENTAL-RAMIRO-CORREA.jpg 1024w, https:\/\/clinicadentalramirocorrea.com\/wp-content\/uploads\/2024\/04\/CLINICA-DENTAL-EN-GRANADA-CLINICA-DENTAL-RAMIRO-CORREA-300x89.jpg 300w, https:\/\/clinicadentalramirocorrea.com\/wp-content\/uploads\/2024\/04\/CLINICA-DENTAL-EN-GRANADA-CLINICA-DENTAL-RAMIRO-CORREA-768x228.jpg 768w\" sizes=\"(max-width: 800px) 100vw, 800px\" \/>\t\t\t\t\t\t\t\t\t\t\t\t\t<\/div>\n\t\t\t\t<\/div>\n\t\t\t\t<div class=\"elementor-element elementor-element-b25284c elementor-widget elementor-widget-text-editor\" data-id=\"b25284c\" data-element_type=\"widget\" data-widget_type=\"text-editor.default\">\n\t\t\t\t<div class=\"elementor-widget-container\">\n\t\t\t\t\t\t\t<p>Es la conocida como ortodoncia invisible, consiste en unas f\u00e9rulas transparentes, casi imperceptibles fabricadas exclusivamente para cada paciente para garantizar as\u00ed una mayor comodidad.<\/p><p>Estos alineadores se van actualizando seg\u00fan se va corrigiendo la posici\u00f3n de los dientes, por lo que las malposiciones se corrigen de una forma muy progresiva.<\/p><p>Al contrario que los brackets fijos el paciente puede quitarse las f\u00e9rulas para comer o cepillarse los dientes con la comodidad que ello supone.<\/p><p><strong>BRACKETS METALICOS<\/strong><\/p><p>Durante mucho tiempo ha sido la ortodoncia m\u00e1s extendida y a\u00fan hoy en d\u00eda se sigue utilizando mucho por su eficacia y coste.<\/p><p>Los brackets son peque\u00f1as piezas met\u00e1licas adheridas a los dientes, unidas entre s\u00ed por alambres met\u00e1licos, todo ello realizado con materiales biocompatibles.<\/p><p><strong>BRACKETS ESTETICOS DE ZAFIRO<\/strong><\/p><p>Son parecidos a los brackets cl\u00e1sicos, la principal diferencia es el material del que est\u00e1n hechos, son transparentes, por lo que se mimetizan con los propios dientes y resultan mucho m\u00e1s discretos y est\u00e9ticos.<\/p><p>Tambi\u00e9n son altamente efectivos para conseguir resultados efectivos.<\/p><p><strong>BRACKETS AUTOLIGADO (SISTEMA DAMON)<\/strong><\/p><p>Este sistema es m\u00e1s visible que los brackets est\u00e9ticos pero cuenta con la ventaja de que puede reducir el tiempo de tratamiento hasta en un 30%, lo que en muchos casos nos puedes suponer una gran ventaja.<\/p><p><strong>ORTODONCIA LINGUAL (INC\u00d3GNITO)<\/strong><\/p><p>En este caso los brackets se colocan en la cara interna de los dientes, conseguimos as\u00ed que la ortodoncia no sea visible consiguiendo igualmente buenos resultados.<\/p><p>No lo dude m\u00e1s, venga a Clinica Dental Ramiro Correa y le haremos un estudio sin compromiso<\/p><p>\u00a1La ortodoncia ya no es solo cosas de ni\u00f1os!<\/p>\t\t\t\t\t\t<\/div>\n\t\t\t\t<\/div>\n\t\t\t\t<\/div>\n\t\t<div class=\"elementor-element elementor-element-8a0feec e-con-full elementor-hidden-widescreen e-flex e-con e-parent\" data-id=\"8a0feec\" data-element_type=\"container\">\n\t\t\t\t<div class=\"elementor-element elementor-element-c059528 elementor-widget elementor-widget-text-editor\" data-id=\"c059528\" data-element_type=\"widget\" data-widget_type=\"text-editor.default\">\n\t\t\t\t<div class=\"elementor-widget-container\">\n\t\t\t\t\t\t\t<p>Ortodonc\u00eda<\/p>\t\t\t\t\t\t<\/div>\n\t\t\t\t<\/div>\n\t\t\t\t<div class=\"elementor-element elementor-element-54b21b9 elementor-widget elementor-widget-text-editor\" data-id=\"54b21b9\" data-element_type=\"widget\" data-widget_type=\"text-editor.default\">\n\t\t\t\t<div class=\"elementor-widget-container\">\n\t\t\t\t\t\t\t<p><strong>\u00bfQu\u00e9 es realmente la ortodoncia?<\/strong><\/p><p>Dicho de forma sencilla, es la t\u00e9cnica que se encarga de corregir la mala colocaci\u00f3n de los dientes.<\/p><p>Aunque en un principio puede parecer solo una cuesti\u00f3n est\u00e9tica, en muchos casos de recurre a ella por otros motivos como puede ser una mala oclusi\u00f3n, un problema muy extendido que puede afectar al habla, la mordida e incluso a la respiraci\u00f3n.<\/p><p><strong>En Cl\u00ednica Dental Ramiro Correa<\/strong>, estudiaremos su caso de forma personalizada, para ello nuestro ortodoncista le har\u00e1 un exhaustivo estudio previo para poder as\u00ed asesorarle sobre las distintas opciones que existen.<\/p><p>En nuestra Cl\u00ednica encontrar\u00e1 el tratamiento que mejor se adapte a sus necesidades:<\/p>\t\t\t\t\t\t<\/div>\n\t\t\t\t<\/div>\n\t\t\t\t<div class=\"elementor-element elementor-element-9da5a91 elementor-widget elementor-widget-image\" data-id=\"9da5a91\" data-element_type=\"widget\" data-widget_type=\"image.default\">\n\t\t\t\t<div class=\"elementor-widget-container\">\n\t\t\t\t\t\t\t\t\t\t\t\t\t<img fetchpriority=\"high\" decoding=\"async\" width=\"800\" height=\"238\" src=\"https:\/\/clinicadentalramirocorrea.com\/wp-content\/uploads\/2024\/04\/CLINICA-DENTAL-EN-GRANADA-CLINICA-DENTAL-RAMIRO-CORREA.jpg\" class=\"attachment-large size-large wp-image-52\" alt=\"\" srcset=\"https:\/\/clinicadentalramirocorrea.com\/wp-content\/uploads\/2024\/04\/CLINICA-DENTAL-EN-GRANADA-CLINICA-DENTAL-RAMIRO-CORREA.jpg 1024w, https:\/\/clinicadentalramirocorrea.com\/wp-content\/uploads\/2024\/04\/CLINICA-DENTAL-EN-GRANADA-CLINICA-DENTAL-RAMIRO-CORREA-300x89.jpg 300w, https:\/\/clinicadentalramirocorrea.com\/wp-content\/uploads\/2024\/04\/CLINICA-DENTAL-EN-GRANADA-CLINICA-DENTAL-RAMIRO-CORREA-768x228.jpg 768w\" sizes=\"(max-width: 800px) 100vw, 800px\" \/>\t\t\t\t\t\t\t\t\t\t\t\t\t<\/div>\n\t\t\t\t<\/div>\n\t\t\t\t<div class=\"elementor-element elementor-element-961abdf elementor-widget elementor-widget-text-editor\" data-id=\"961abdf\" data-element_type=\"widget\" data-widget_type=\"text-editor.default\">\n\t\t\t\t<div class=\"elementor-widget-container\">\n\t\t\t\t\t\t\t<p>Es la conocida como ortodoncia invisible, consiste en unas f\u00e9rulas transparentes, casi imperceptibles fabricadas exclusivamente para cada paciente para garantizar as\u00ed una mayor comodidad.<\/p><p>Estos alineadores se van actualizando seg\u00fan se va corrigiendo la posici\u00f3n de los dientes, por lo que las malposiciones se corrigen de una forma muy progresiva.<\/p><p>Al contrario que los brackets fijos el paciente puede quitarse las f\u00e9rulas para comer o cepillarse los dientes con la comodidad que ello supone.<\/p><p><strong>BRACKETS METALICOS<\/strong><\/p><p>Durante mucho tiempo ha sido la ortodoncia m\u00e1s extendida y a\u00fan hoy en d\u00eda se sigue utilizando mucho por su eficacia y coste.<\/p><p>Los brackets son peque\u00f1as piezas met\u00e1licas adheridas a los dientes, unidas entre s\u00ed por alambres met\u00e1licos, todo ello realizado con materiales biocompatibles.<\/p><p><strong>BRACKETS ESTETICOS DE ZAFIRO<\/strong><\/p><p>Son parecidos a los brackets cl\u00e1sicos, la principal diferencia es el material del que est\u00e1n hechos, son transparentes, por lo que se mimetizan con los propios dientes y resultan mucho m\u00e1s discretos y est\u00e9ticos.<\/p><p>Tambi\u00e9n son altamente efectivos para conseguir resultados efectivos.<\/p><p><strong>BRACKETS AUTOLIGADO (SISTEMA DAMON)<\/strong><\/p><p>Este sistema es m\u00e1s visible que los brackets est\u00e9ticos pero cuenta con la ventaja de que puede reducir el tiempo de tratamiento hasta en un 30%, lo que en muchos casos nos puedes suponer una gran ventaja.<\/p><p><strong>ORTODONCIA LINGUAL (INC\u00d3GNITO)<\/strong><\/p><p>En este caso los brackets se colocan en la cara interna de los dientes, conseguimos as\u00ed que la ortodoncia no sea visible consiguiendo igualmente buenos resultados.<\/p><p>No lo dude m\u00e1s, venga a Clinica Dental Ramiro Correa y le haremos un estudio sin compromiso<\/p><p>\u00a1La ortodoncia ya no es solo cosas de ni\u00f1os!<\/p>\t\t\t\t\t\t<\/div>\n\t\t\t\t<\/div>\n\t\t\t\t<\/div>\n\t\t\t\t<\/div>\n\t\t","protected":false},"excerpt":{"rendered":"<p>\ud83d\udccd Direcci\u00f3n: Calle Mart\u00ednez Campos, 20, Bajo, 18002 Granada Tel\u00e9fono Destacado \ud83d\udcde Tel\u00e9fono: 958 10 69 08 &#8211; 671 54 50 81 \ud83d\udd50 Lunes a Jueves de 9:30\u201313:30, 16:30\u201320:30, Viernes solo ma\u00f1ana. Ortodonc\u00eda \u00bfQu\u00e9 es realmente la ortodoncia? Dicho de forma sencilla, es la t\u00e9cnica que se encarga de corregir la mala colocaci\u00f3n de los [&hellip;]<\/p>\n","protected":false},"author":1,"featured_media":0,"parent":0,"menu_order":0,"comment_status":"closed","ping_status":"closed","template":"","meta":{"footnotes":""},"class_list":["post-274","page","type-page","status-publish","hentry"],"_links":{"self":[{"href":"https:\/\/clinicadentalramirocorrea.com\/index.php?rest_route=\/wp\/v2\/pages\/274","targetHints":{"allow":["GET"]}}],"collection":[{"href":"https:\/\/clinicadentalramirocorrea.com\/index.php?rest_route=\/wp\/v2\/pages"}],"about":[{"href":"https:\/\/clinicadentalramirocorrea.com\/index.php?rest_route=\/wp\/v2\/types\/page"}],"author":[{"embeddable":true,"href":"https:\/\/clinicadentalramirocorrea.com\/index.php?rest_route=\/wp\/v2\/users\/1"}],"replies":[{"embeddable":true,"href":"https:\/\/clinicadentalramirocorrea.com\/index.php?rest_route=%2Fwp%2Fv2%2Fcomments&post=274"}],"version-history":[{"count":29,"href":"https:\/\/clinicadentalramirocorrea.com\/index.php?rest_route=\/wp\/v2\/pages\/274\/revisions"}],"predecessor-version":[{"id":1474,"href":"https:\/\/clinicadentalramirocorrea.com\/index.php?rest_route=\/wp\/v2\/pages\/274\/revisions\/1474"}],"wp:attachment":[{"href":"https:\/\/clinicadentalramirocorrea.com\/index.php?rest_route=%2Fwp%2Fv2%2Fmedia&parent=274"}],"curies":[{"name":"wp","href":"https:\/\/api.w.org\/{rel}","templated":true}]}}