{"id":280,"date":"2024-05-04T11:54:58","date_gmt":"2024-05-04T09:54:58","guid":{"rendered":"http:\/\/192.168.1.102\/clinicadentalramirocorrea.com\/?page_id=280"},"modified":"2024-10-07T13:47:15","modified_gmt":"2024-10-07T11:47:15","slug":"blanqueamiento","status":"publish","type":"page","link":"https:\/\/clinicadentalramirocorrea.com\/?page_id=280","title":{"rendered":"BLANQUEAMIENTO"},"content":{"rendered":"\t\t<div data-elementor-type=\"wp-page\" data-elementor-id=\"280\" class=\"elementor elementor-280\">\n\t\t\t\t<div class=\"elementor-element elementor-element-3dda2b4 e-con-full elementor-hidden-tablet elementor-hidden-mobile e-flex e-con e-parent\" data-id=\"3dda2b4\" data-element_type=\"container\" data-settings=\"{&quot;background_background&quot;:&quot;classic&quot;}\">\n\t\t\t\t<div class=\"elementor-element elementor-element-d59135c elementor-widget elementor-widget-text-editor\" data-id=\"d59135c\" data-element_type=\"widget\" data-widget_type=\"text-editor.default\">\n\t\t\t\t<div class=\"elementor-widget-container\">\n\t\t\t<style>\/*! elementor - v3.21.0 - 26-05-2024 *\/\n.elementor-widget-text-editor.elementor-drop-cap-view-stacked .elementor-drop-cap{background-color:#69727d;color:#fff}.elementor-widget-text-editor.elementor-drop-cap-view-framed .elementor-drop-cap{color:#69727d;border:3px solid;background-color:transparent}.elementor-widget-text-editor:not(.elementor-drop-cap-view-default) .elementor-drop-cap{margin-top:8px}.elementor-widget-text-editor:not(.elementor-drop-cap-view-default) .elementor-drop-cap-letter{width:1em;height:1em}.elementor-widget-text-editor .elementor-drop-cap{float:left;text-align:center;line-height:1;font-size:50px}.elementor-widget-text-editor .elementor-drop-cap-letter{display:inline-block}<\/style>\t\t\t\t<p>\ud83d\udccd Direcci\u00f3n: Calle Mart\u00ednez Campos, 20, Bajo, 18002 Granada<\/p>\t\t\t\t\t\t<\/div>\n\t\t\t\t<\/div>\n\t\t\t\t<div class=\"elementor-element elementor-element-81e907f elementor-widget elementor-widget-html\" data-id=\"81e907f\" data-element_type=\"widget\" data-widget_type=\"html.default\">\n\t\t\t\t<div class=\"elementor-widget-container\">\n\t\t\t<!DOCTYPE html>\r\n<html lang=\"es\">\r\n<head>\r\n    <meta charset=\"UTF-8\">\r\n    <meta name=\"viewport\" content=\"width=device-width, initial-scale=1.0\">\r\n    <title>Tel\u00e9fono Destacado<\/title>\r\n    <style>\r\n        .phone-link {\r\n            color: white;\r\n            text-decoration: none;\r\n            font-weight: bold;\r\n            position: relative;\r\n            transition: color 0.3s ease;\r\n            animation: highlight 3s ease-in-out infinite;\r\n        }\r\n        .phone-link:hover {\r\n            color: #0056b3;\r\n        }\r\n        .phone-link::after {\r\n            content: '';\r\n            position: absolute;\r\n            width: 100%;\r\n            height: 2px;\r\n            bottom: 0;\r\n            left: 0;\r\n            background-color: #0056b3;\r\n            visibility: hidden;\r\n            transform: scaleX(0);\r\n            transition: all 0.3s ease-in-out;\r\n        }\r\n        .phone-link:hover::after {\r\n            visibility: visible;\r\n            transform: scaleX(1);\r\n        }\r\n        @keyframes highlight {\r\n            0% {\r\n                color: white;\r\n                text-shadow: none;\r\n            }\r\n            50% {\r\n                color: #ff9900;\r\n                text-shadow: 0 0 10px rgba(255, 153, 0, 0.5);\r\n            }\r\n            100% {\r\n                color: white;\r\n                text-shadow: none;\r\n            }\r\n        }\r\n        .whatsapp-logo {\r\n            width: 20px;\r\n            height: 20px;\r\n            vertical-align: middle;\r\n            margin-right: 5px;\r\n        }\r\n    <\/style>\r\n<\/head>\r\n<body>\r\n\r\n    \ud83d\udcde Tel\u00e9fono: <a class=\"phone-link\" href=\"tel:958106908\">958 10 69 08<\/a> - <img decoding=\"async\" class=\"whatsapp-logo\" src=\"https:\/\/upload.wikimedia.org\/wikipedia\/commons\/6\/6b\/WhatsApp.svg\" alt=\"WhatsApp\"> <a class=\"phone-link\" href=\"tel:617545081\">671 54 50 81<\/a>\r\n\r\n<\/body>\r\n<\/html>\r\n\t\t<\/div>\n\t\t\t\t<\/div>\n\t\t\t\t<div class=\"elementor-element elementor-element-42f15ad elementor-widget elementor-widget-text-editor\" data-id=\"42f15ad\" data-element_type=\"widget\" data-widget_type=\"text-editor.default\">\n\t\t\t\t<div class=\"elementor-widget-container\">\n\t\t\t\t\t\t\t<p>\ud83d\udd50 Lunes a Jueves de 9:30\u201313:30, 16:30\u201320:30, Viernes solo ma\u00f1ana.<\/p>\t\t\t\t\t\t<\/div>\n\t\t\t\t<\/div>\n\t\t\t\t<\/div>\n\t\t<div class=\"elementor-element elementor-element-d4255e6 e-con-full elementor-hidden-desktop elementor-hidden-tablet elementor-hidden-mobile e-flex e-con e-parent\" data-id=\"d4255e6\" data-element_type=\"container\">\n\t\t\t\t<div class=\"elementor-element elementor-element-29f3734 elementor-widget__width-initial elementor-widget elementor-widget-text-editor\" data-id=\"29f3734\" data-element_type=\"widget\" data-widget_type=\"text-editor.default\">\n\t\t\t\t<div class=\"elementor-widget-container\">\n\t\t\t\t\t\t\t<p>Blanqueamiento<\/p>\t\t\t\t\t\t<\/div>\n\t\t\t\t<\/div>\n\t\t\t\t<div class=\"elementor-element elementor-element-23f9269 elementor-widget__width-initial elementor-widget elementor-widget-text-editor\" data-id=\"23f9269\" data-element_type=\"widget\" data-widget_type=\"text-editor.default\">\n\t\t\t\t<div class=\"elementor-widget-container\">\n\t\t\t\t\t\t\t<p><strong>Antes de hablar de blanqueamiento nos debemos preguntar \u00bfque determina que nuestros dientes sean de un color u otro?<\/strong><\/p><p>El color del diente viene determinado desde que nacemos por dos factores: el tono de la<strong> Dentina y el Esmalte<\/strong> que por su transparencia y capacidad de refracci\u00f3n de la luz determinar\u00e1 finalmente el color de nuestros dientes.<\/p><p>El color de la Dentina no se altera con el tiempo, sin embargo, el Esmalte se va ti\u00f1endo por los alimentos que contienen colorantes tales como el caf\u00e9, t\u00e9, vino tinto, alcachofas, azafr\u00e1n, etc.<\/p><p><strong>El Blanqueamiento<\/strong> permite conseguir dientes m\u00e1s claros sin la necesidad de un abordaje restaurador o prot\u00e9sico, es decir, es un procedimiento no invasivo que consiste en la aplicaci\u00f3n de sustancias qu\u00edmicas en los dientes con el objetivo de dejarlos m\u00e1s claros, con lo que hay una mejor\u00eda est\u00e9tica de la sonrisa.<\/p><p><strong>CASOS EN LOS QUE EST\u00c1 INDICADO<\/strong><\/p><p>Dientes oscurecidos por la edad<\/p><p>Dientes naturalmente amarillentos<\/p><p>Dientes oscurecidos por sustancias presentes en el tabaco<\/p><p>Dientes pigmentados por dieta rica en colorantes<\/p><p>Dientes desvitalizados que han sufrido alteraci\u00f3n del color<\/p><p>Dientes afectados por manchas debido al uso de tetraciclinas y derivados<\/p><p>Dientes afectados por fluorosis ( casos leves)<\/p><p>El tratamiento tienes dos modalidades: uno que se aplica en Cl\u00ednica y otro que es el que el propio paciente aplica en casa.<\/p><p>Ambos son f\u00e1ciles de realizar y con unos resultados muy visibles.<\/p><p><strong>Si tienes cualquier duda no dudes en consultarnos y \u00a1empieza a disfrutar tu nueva sonrisa<\/strong><\/p>\t\t\t\t\t\t<\/div>\n\t\t\t\t<\/div>\n\t\t\t\t<\/div>\n\t\t<div class=\"elementor-element elementor-element-3aa37b8 e-con-full elementor-hidden-widescreen e-flex e-con e-parent\" data-id=\"3aa37b8\" data-element_type=\"container\">\n\t\t\t\t<div class=\"elementor-element elementor-element-8945650 elementor-widget__width-inherit elementor-widget elementor-widget-text-editor\" data-id=\"8945650\" data-element_type=\"widget\" data-widget_type=\"text-editor.default\">\n\t\t\t\t<div class=\"elementor-widget-container\">\n\t\t\t\t\t\t\t<p>Blanqueamiento<\/p>\t\t\t\t\t\t<\/div>\n\t\t\t\t<\/div>\n\t\t\t\t<div class=\"elementor-element elementor-element-4f7d0ff elementor-widget__width-inherit elementor-widget elementor-widget-text-editor\" data-id=\"4f7d0ff\" data-element_type=\"widget\" data-widget_type=\"text-editor.default\">\n\t\t\t\t<div class=\"elementor-widget-container\">\n\t\t\t\t\t\t\t<p><strong>Antes de hablar de blanqueamiento nos debemos preguntar \u00bfque determina que nuestros dientes sean de un color u otro?<\/strong><\/p><p>El color del diente viene determinado desde que nacemos por dos factores: el tono de la<strong> Dentina y el Esmalte<\/strong> que por su transparencia y capacidad de refracci\u00f3n de la luz determinar\u00e1 finalmente el color de nuestros dientes.<\/p><p>El color de la Dentina no se altera con el tiempo, sin embargo, el Esmalte se va ti\u00f1endo por los alimentos que contienen colorantes tales como el caf\u00e9, t\u00e9, vino tinto, alcachofas, azafr\u00e1n, etc.<\/p><p><strong>El Blanqueamiento<\/strong> permite conseguir dientes m\u00e1s claros sin la necesidad de un abordaje restaurador o prot\u00e9sico, es decir, es un procedimiento no invasivo que consiste en la aplicaci\u00f3n de sustancias qu\u00edmicas en los dientes con el objetivo de dejarlos m\u00e1s claros, con lo que hay una mejor\u00eda est\u00e9tica de la sonrisa.<\/p><p><strong>CASOS EN LOS QUE EST\u00c1 INDICADO<\/strong><\/p><p>Dientes oscurecidos por la edad<\/p><p>Dientes naturalmente amarillentos<\/p><p>Dientes oscurecidos por sustancias presentes en el tabaco<\/p><p>Dientes pigmentados por dieta rica en colorantes<\/p><p>Dientes desvitalizados que han sufrido alteraci\u00f3n del color<\/p><p>Dientes afectados por manchas debido al uso de tetraciclinas y derivados<\/p><p>Dientes afectados por fluorosis ( casos leves)<\/p><p>El tratamiento tienes dos modalidades: uno que se aplica en Cl\u00ednica y otro que es el que el propio paciente aplica en casa.<\/p><p>Ambos son f\u00e1ciles de realizar y con unos resultados muy visibles.<\/p><p><strong>Si tienes cualquier duda no dudes en consultarnos y \u00a1empieza a disfrutar tu nueva sonrisa<\/strong><\/p>\t\t\t\t\t\t<\/div>\n\t\t\t\t<\/div>\n\t\t\t\t<\/div>\n\t\t\t\t<\/div>\n\t\t","protected":false},"excerpt":{"rendered":"<p>\ud83d\udccd Direcci\u00f3n: Calle Mart\u00ednez Campos, 20, Bajo, 18002 Granada Tel\u00e9fono Destacado \ud83d\udcde Tel\u00e9fono: 958 10 69 08 &#8211; 671 54 50 81 \ud83d\udd50 Lunes a Jueves de 9:30\u201313:30, 16:30\u201320:30, Viernes solo ma\u00f1ana. Blanqueamiento Antes de hablar de blanqueamiento nos debemos preguntar \u00bfque determina que nuestros dientes sean de un color u otro? El color del [&hellip;]<\/p>\n","protected":false},"author":1,"featured_media":0,"parent":0,"menu_order":0,"comment_status":"closed","ping_status":"closed","template":"","meta":{"footnotes":""},"class_list":["post-280","page","type-page","status-publish","hentry"],"_links":{"self":[{"href":"https:\/\/clinicadentalramirocorrea.com\/index.php?rest_route=\/wp\/v2\/pages\/280","targetHints":{"allow":["GET"]}}],"collection":[{"href":"https:\/\/clinicadentalramirocorrea.com\/index.php?rest_route=\/wp\/v2\/pages"}],"about":[{"href":"https:\/\/clinicadentalramirocorrea.com\/index.php?rest_route=\/wp\/v2\/types\/page"}],"author":[{"embeddable":true,"href":"https:\/\/clinicadentalramirocorrea.com\/index.php?rest_route=\/wp\/v2\/users\/1"}],"replies":[{"embeddable":true,"href":"https:\/\/clinicadentalramirocorrea.com\/index.php?rest_route=%2Fwp%2Fv2%2Fcomments&post=280"}],"version-history":[{"count":46,"href":"https:\/\/clinicadentalramirocorrea.com\/index.php?rest_route=\/wp\/v2\/pages\/280\/revisions"}],"predecessor-version":[{"id":1446,"href":"https:\/\/clinicadentalramirocorrea.com\/index.php?rest_route=\/wp\/v2\/pages\/280\/revisions\/1446"}],"wp:attachment":[{"href":"https:\/\/clinicadentalramirocorrea.com\/index.php?rest_route=%2Fwp%2Fv2%2Fmedia&parent=280"}],"curies":[{"name":"wp","href":"https:\/\/api.w.org\/{rel}","templated":true}]}}