{"id":291,"date":"2024-05-04T12:00:53","date_gmt":"2024-05-04T10:00:53","guid":{"rendered":"http:\/\/192.168.1.102\/clinicadentalramirocorrea.com\/?page_id=291"},"modified":"2024-10-07T13:53:50","modified_gmt":"2024-10-07T11:53:50","slug":"endodoncia","status":"publish","type":"page","link":"https:\/\/clinicadentalramirocorrea.com\/?page_id=291","title":{"rendered":"ENDODONCIA"},"content":{"rendered":"\t\t<div data-elementor-type=\"wp-page\" data-elementor-id=\"291\" class=\"elementor elementor-291\">\n\t\t\t\t<div class=\"elementor-element elementor-element-b400cc2 e-con-full elementor-hidden-tablet elementor-hidden-mobile e-flex e-con e-parent\" data-id=\"b400cc2\" data-element_type=\"container\" data-settings=\"{&quot;background_background&quot;:&quot;classic&quot;}\">\n\t\t\t\t<div class=\"elementor-element elementor-element-512e830 elementor-widget elementor-widget-text-editor\" data-id=\"512e830\" data-element_type=\"widget\" data-widget_type=\"text-editor.default\">\n\t\t\t\t<div class=\"elementor-widget-container\">\n\t\t\t<style>\/*! elementor - v3.21.0 - 26-05-2024 *\/\n.elementor-widget-text-editor.elementor-drop-cap-view-stacked .elementor-drop-cap{background-color:#69727d;color:#fff}.elementor-widget-text-editor.elementor-drop-cap-view-framed .elementor-drop-cap{color:#69727d;border:3px solid;background-color:transparent}.elementor-widget-text-editor:not(.elementor-drop-cap-view-default) .elementor-drop-cap{margin-top:8px}.elementor-widget-text-editor:not(.elementor-drop-cap-view-default) .elementor-drop-cap-letter{width:1em;height:1em}.elementor-widget-text-editor .elementor-drop-cap{float:left;text-align:center;line-height:1;font-size:50px}.elementor-widget-text-editor .elementor-drop-cap-letter{display:inline-block}<\/style>\t\t\t\t<p>\ud83d\udccd Direcci\u00f3n: Calle Mart\u00ednez Campos, 20, Bajo, 18002 Granada<\/p>\t\t\t\t\t\t<\/div>\n\t\t\t\t<\/div>\n\t\t\t\t<div class=\"elementor-element elementor-element-f3845f1 elementor-widget elementor-widget-html\" data-id=\"f3845f1\" data-element_type=\"widget\" data-widget_type=\"html.default\">\n\t\t\t\t<div class=\"elementor-widget-container\">\n\t\t\t<!DOCTYPE html>\r\n<html lang=\"es\">\r\n<head>\r\n    <meta charset=\"UTF-8\">\r\n    <meta name=\"viewport\" content=\"width=device-width, initial-scale=1.0\">\r\n    <title>Tel\u00e9fono Destacado<\/title>\r\n    <style>\r\n        .phone-link {\r\n            color: white;\r\n            text-decoration: none;\r\n            font-weight: bold;\r\n            position: relative;\r\n            transition: color 0.3s ease;\r\n            animation: highlight 3s ease-in-out infinite;\r\n        }\r\n        .phone-link:hover {\r\n            color: #0056b3;\r\n        }\r\n        .phone-link::after {\r\n            content: '';\r\n            position: absolute;\r\n            width: 100%;\r\n            height: 2px;\r\n            bottom: 0;\r\n            left: 0;\r\n            background-color: #0056b3;\r\n            visibility: hidden;\r\n            transform: scaleX(0);\r\n            transition: all 0.3s ease-in-out;\r\n        }\r\n        .phone-link:hover::after {\r\n            visibility: visible;\r\n            transform: scaleX(1);\r\n        }\r\n        @keyframes highlight {\r\n            0% {\r\n                color: white;\r\n                text-shadow: none;\r\n            }\r\n            50% {\r\n                color: #ff9900;\r\n                text-shadow: 0 0 10px rgba(255, 153, 0, 0.5);\r\n            }\r\n            100% {\r\n                color: white;\r\n                text-shadow: none;\r\n            }\r\n        }\r\n        .whatsapp-logo {\r\n            width: 20px;\r\n            height: 20px;\r\n            vertical-align: middle;\r\n            margin-right: 5px;\r\n        }\r\n    <\/style>\r\n<\/head>\r\n<body>\r\n\r\n    \ud83d\udcde Tel\u00e9fono: <a class=\"phone-link\" href=\"tel:958106908\">958 10 69 08<\/a> - <img decoding=\"async\" class=\"whatsapp-logo\" src=\"https:\/\/upload.wikimedia.org\/wikipedia\/commons\/6\/6b\/WhatsApp.svg\" alt=\"WhatsApp\"> <a class=\"phone-link\" href=\"tel:617545081\">671 54 50 81<\/a>\r\n\r\n<\/body>\r\n<\/html>\r\n\t\t<\/div>\n\t\t\t\t<\/div>\n\t\t\t\t<div class=\"elementor-element elementor-element-8ccf2aa elementor-widget elementor-widget-text-editor\" data-id=\"8ccf2aa\" data-element_type=\"widget\" data-widget_type=\"text-editor.default\">\n\t\t\t\t<div class=\"elementor-widget-container\">\n\t\t\t\t\t\t\t<p>\ud83d\udd50 Lunes a Jueves de 9:30\u201313:30, 16:30\u201320:30, Viernes solo ma\u00f1ana.<\/p>\t\t\t\t\t\t<\/div>\n\t\t\t\t<\/div>\n\t\t\t\t<\/div>\n\t\t<div class=\"elementor-element elementor-element-edb7700 e-con-full elementor-hidden-desktop elementor-hidden-tablet elementor-hidden-mobile e-flex e-con e-parent\" data-id=\"edb7700\" data-element_type=\"container\">\n\t\t\t\t<div class=\"elementor-element elementor-element-b7df1ab elementor-widget elementor-widget-text-editor\" data-id=\"b7df1ab\" data-element_type=\"widget\" data-widget_type=\"text-editor.default\">\n\t\t\t\t<div class=\"elementor-widget-container\">\n\t\t\t\t\t\t\t<p>Endodoncia<\/p>\t\t\t\t\t\t<\/div>\n\t\t\t\t<\/div>\n\t\t\t\t<div class=\"elementor-element elementor-element-b0568bd elementor-widget elementor-widget-text-editor\" data-id=\"b0568bd\" data-element_type=\"widget\" data-widget_type=\"text-editor.default\">\n\t\t\t\t<div class=\"elementor-widget-container\">\n\t\t\t\t\t\t\t<p>La endodoncia, m\u00e1s conocida como <strong>\u201cmatar el nervio\u201d<\/strong>, se lleva a cabo cuando la caries ha destruido ya buena parte de la estructura del diente y ha llegado al nervio. En la mayor\u00eda de las ocasiones este proceso desencadena en una infecci\u00f3n que nos produce un dolor intenso.<\/p><p>Una vez llegados a este punto en Cl\u00ednica Dental Ramiro Correa, nuestro objetivo es salvar su pieza dental, para ello eliminaremos el tejido del interior del diente y lo sustituiremos por un relleno inorg\u00e1nico, garantizando as\u00ed la hermeticidad de la pieza dental.<\/p><p>Tras este proceso, el diente puede perder resistencia por lo que se requieren unas t\u00e9cnicas de reconstrucci\u00f3n especiales. En muchas ocasiones se suele recomendar la colocaci\u00f3n de una funda para aumentar as\u00ed su resistencia.<\/p><p>En <strong>Cl\u00ednica Dental Ramiro Correa<\/strong> cuenta adem\u00e1s con la ventaja de que le haremos su funda en una sola sesi\u00f3n, con materiales de primera calidad y un resultado muy est\u00e9tico y preciso gracias a la tecnolog\u00eda CEREC.<\/p><p><strong>\u00a1Si tiene cualquier duda cons\u00faltenos!<\/strong><\/p>\t\t\t\t\t\t<\/div>\n\t\t\t\t<\/div>\n\t\t\t\t<\/div>\n\t\t<div class=\"elementor-element elementor-element-a5e9186 e-con-full elementor-hidden-widescreen e-flex e-con e-parent\" data-id=\"a5e9186\" data-element_type=\"container\">\n\t\t\t\t<div class=\"elementor-element elementor-element-13e98f6 elementor-widget elementor-widget-text-editor\" data-id=\"13e98f6\" data-element_type=\"widget\" data-widget_type=\"text-editor.default\">\n\t\t\t\t<div class=\"elementor-widget-container\">\n\t\t\t\t\t\t\t<p>Endodoncia<\/p>\t\t\t\t\t\t<\/div>\n\t\t\t\t<\/div>\n\t\t\t\t<div class=\"elementor-element elementor-element-616b873 elementor-widget elementor-widget-text-editor\" data-id=\"616b873\" data-element_type=\"widget\" data-widget_type=\"text-editor.default\">\n\t\t\t\t<div class=\"elementor-widget-container\">\n\t\t\t\t\t\t\t<p>La endodoncia, m\u00e1s conocida como <strong>\u201cmatar el nervio\u201d<\/strong>, se lleva a cabo cuando la caries ha destruido ya buena parte de la estructura del diente y ha llegado al nervio. En la mayor\u00eda de las ocasiones este proceso desencadena en una infecci\u00f3n que nos produce un dolor intenso.<\/p><p>Una vez llegados a este punto en Cl\u00ednica Dental Ramiro Correa, nuestro objetivo es salvar su pieza dental, para ello eliminaremos el tejido del interior del diente y lo sustituiremos por un relleno inorg\u00e1nico, garantizando as\u00ed la hermeticidad de la pieza dental.<\/p><p>Tras este proceso, el diente puede perder resistencia por lo que se requieren unas t\u00e9cnicas de reconstrucci\u00f3n especiales. En muchas ocasiones se suele recomendar la colocaci\u00f3n de una funda para aumentar as\u00ed su resistencia.<\/p><p>En <strong>Cl\u00ednica Dental Ramiro Correa<\/strong> cuenta adem\u00e1s con la ventaja de que le haremos su funda en una sola sesi\u00f3n, con materiales de primera calidad y un resultado muy est\u00e9tico y preciso gracias a la tecnolog\u00eda CEREC.<\/p><p><strong>\u00a1Si tiene cualquier duda cons\u00faltenos!<\/strong><\/p>\t\t\t\t\t\t<\/div>\n\t\t\t\t<\/div>\n\t\t\t\t<\/div>\n\t\t<div class=\"elementor-element elementor-element-4161fa5 e-con-full e-flex e-con e-parent\" data-id=\"4161fa5\" data-element_type=\"container\">\n\t\t\t\t<div class=\"elementor-element elementor-element-322fb7b elementor-widget elementor-widget-google_maps\" data-id=\"322fb7b\" data-element_type=\"widget\" data-widget_type=\"google_maps.default\">\n\t\t\t\t<div class=\"elementor-widget-container\">\n\t\t\t<style>\/*! elementor - v3.21.0 - 26-05-2024 *\/\n.elementor-widget-google_maps .elementor-widget-container{overflow:hidden}.elementor-widget-google_maps .elementor-custom-embed{line-height:0}.elementor-widget-google_maps iframe{height:300px}<\/style>\t\t<div class=\"elementor-custom-embed\">\n\t\t\t<iframe loading=\"lazy\"\n\t\t\t\t\tsrc=\"https:\/\/maps.google.com\/maps?q=Clinica%20dental%20ramiro%20correa&#038;t=m&#038;z=16&#038;output=embed&#038;iwloc=near\"\n\t\t\t\t\ttitle=\"Clinica dental ramiro correa\"\n\t\t\t\t\taria-label=\"Clinica dental ramiro correa\"\n\t\t\t><\/iframe>\n\t\t<\/div>\n\t\t\t\t<\/div>\n\t\t\t\t<\/div>\n\t\t\t\t<\/div>\n\t\t\t\t<\/div>\n\t\t","protected":false},"excerpt":{"rendered":"<p>\ud83d\udccd Direcci\u00f3n: Calle Mart\u00ednez Campos, 20, Bajo, 18002 Granada Tel\u00e9fono Destacado \ud83d\udcde Tel\u00e9fono: 958 10 69 08 &#8211; 671 54 50 81 \ud83d\udd50 Lunes a Jueves de 9:30\u201313:30, 16:30\u201320:30, Viernes solo ma\u00f1ana. Endodoncia La endodoncia, m\u00e1s conocida como \u201cmatar el nervio\u201d, se lleva a cabo cuando la caries ha destruido ya buena parte de la [&hellip;]<\/p>\n","protected":false},"author":1,"featured_media":0,"parent":0,"menu_order":0,"comment_status":"closed","ping_status":"closed","template":"","meta":{"footnotes":""},"class_list":["post-291","page","type-page","status-publish","hentry"],"_links":{"self":[{"href":"https:\/\/clinicadentalramirocorrea.com\/index.php?rest_route=\/wp\/v2\/pages\/291","targetHints":{"allow":["GET"]}}],"collection":[{"href":"https:\/\/clinicadentalramirocorrea.com\/index.php?rest_route=\/wp\/v2\/pages"}],"about":[{"href":"https:\/\/clinicadentalramirocorrea.com\/index.php?rest_route=\/wp\/v2\/types\/page"}],"author":[{"embeddable":true,"href":"https:\/\/clinicadentalramirocorrea.com\/index.php?rest_route=\/wp\/v2\/users\/1"}],"replies":[{"embeddable":true,"href":"https:\/\/clinicadentalramirocorrea.com\/index.php?rest_route=%2Fwp%2Fv2%2Fcomments&post=291"}],"version-history":[{"count":34,"href":"https:\/\/clinicadentalramirocorrea.com\/index.php?rest_route=\/wp\/v2\/pages\/291\/revisions"}],"predecessor-version":[{"id":1456,"href":"https:\/\/clinicadentalramirocorrea.com\/index.php?rest_route=\/wp\/v2\/pages\/291\/revisions\/1456"}],"wp:attachment":[{"href":"https:\/\/clinicadentalramirocorrea.com\/index.php?rest_route=%2Fwp%2Fv2%2Fmedia&parent=291"}],"curies":[{"name":"wp","href":"https:\/\/api.w.org\/{rel}","templated":true}]}}