{"id":299,"date":"2024-05-04T12:03:40","date_gmt":"2024-05-04T10:03:40","guid":{"rendered":"http:\/\/192.168.1.102\/clinicadentalramirocorrea.com\/?page_id=299"},"modified":"2024-10-07T13:57:20","modified_gmt":"2024-10-07T11:57:20","slug":"odontologia-conservadora","status":"publish","type":"page","link":"https:\/\/clinicadentalramirocorrea.com\/?page_id=299","title":{"rendered":"Odontolog\u00eda Conservadora"},"content":{"rendered":"\t\t<div data-elementor-type=\"wp-page\" data-elementor-id=\"299\" class=\"elementor elementor-299\">\n\t\t\t\t<div class=\"elementor-element elementor-element-db325f0 e-con-full elementor-hidden-tablet elementor-hidden-mobile e-flex e-con e-parent\" data-id=\"db325f0\" data-element_type=\"container\" data-settings=\"{&quot;background_background&quot;:&quot;classic&quot;}\">\n\t\t\t\t<div class=\"elementor-element elementor-element-b87fdc8 elementor-widget elementor-widget-text-editor\" data-id=\"b87fdc8\" data-element_type=\"widget\" data-widget_type=\"text-editor.default\">\n\t\t\t\t<div class=\"elementor-widget-container\">\n\t\t\t<style>\/*! elementor - v3.21.0 - 26-05-2024 *\/\n.elementor-widget-text-editor.elementor-drop-cap-view-stacked .elementor-drop-cap{background-color:#69727d;color:#fff}.elementor-widget-text-editor.elementor-drop-cap-view-framed .elementor-drop-cap{color:#69727d;border:3px solid;background-color:transparent}.elementor-widget-text-editor:not(.elementor-drop-cap-view-default) .elementor-drop-cap{margin-top:8px}.elementor-widget-text-editor:not(.elementor-drop-cap-view-default) .elementor-drop-cap-letter{width:1em;height:1em}.elementor-widget-text-editor .elementor-drop-cap{float:left;text-align:center;line-height:1;font-size:50px}.elementor-widget-text-editor .elementor-drop-cap-letter{display:inline-block}<\/style>\t\t\t\t<p>\ud83d\udccd Direcci\u00f3n: Calle Mart\u00ednez Campos, 20, Bajo, 18002 Granada<\/p>\t\t\t\t\t\t<\/div>\n\t\t\t\t<\/div>\n\t\t\t\t<div class=\"elementor-element elementor-element-9c474a2 elementor-widget elementor-widget-html\" data-id=\"9c474a2\" data-element_type=\"widget\" data-widget_type=\"html.default\">\n\t\t\t\t<div class=\"elementor-widget-container\">\n\t\t\t<!DOCTYPE html>\r\n<html lang=\"es\">\r\n<head>\r\n    <meta charset=\"UTF-8\">\r\n    <meta name=\"viewport\" content=\"width=device-width, initial-scale=1.0\">\r\n    <title>Tel\u00e9fono Destacado<\/title>\r\n    <style>\r\n        .phone-link {\r\n            color: white;\r\n            text-decoration: none;\r\n            font-weight: bold;\r\n            position: relative;\r\n            transition: color 0.3s ease;\r\n            animation: highlight 3s ease-in-out infinite;\r\n        }\r\n        .phone-link:hover {\r\n            color: #0056b3;\r\n        }\r\n        .phone-link::after {\r\n            content: '';\r\n            position: absolute;\r\n            width: 100%;\r\n            height: 2px;\r\n            bottom: 0;\r\n            left: 0;\r\n            background-color: #0056b3;\r\n            visibility: hidden;\r\n            transform: scaleX(0);\r\n            transition: all 0.3s ease-in-out;\r\n        }\r\n        .phone-link:hover::after {\r\n            visibility: visible;\r\n            transform: scaleX(1);\r\n        }\r\n        @keyframes highlight {\r\n            0% {\r\n                color: white;\r\n                text-shadow: none;\r\n            }\r\n            50% {\r\n                color: #ff9900;\r\n                text-shadow: 0 0 10px rgba(255, 153, 0, 0.5);\r\n            }\r\n            100% {\r\n                color: white;\r\n                text-shadow: none;\r\n            }\r\n        }\r\n        .whatsapp-logo {\r\n            width: 20px;\r\n            height: 20px;\r\n            vertical-align: middle;\r\n            margin-right: 5px;\r\n        }\r\n    <\/style>\r\n<\/head>\r\n<body>\r\n\r\n    \ud83d\udcde Tel\u00e9fono: <a class=\"phone-link\" href=\"tel:958106908\">958 10 69 08<\/a> - <img decoding=\"async\" class=\"whatsapp-logo\" src=\"https:\/\/upload.wikimedia.org\/wikipedia\/commons\/6\/6b\/WhatsApp.svg\" alt=\"WhatsApp\"> <a class=\"phone-link\" href=\"tel:617545081\">671 54 50 81<\/a>\r\n\r\n<\/body>\r\n<\/html>\r\n\t\t<\/div>\n\t\t\t\t<\/div>\n\t\t\t\t<div class=\"elementor-element elementor-element-430a5fd elementor-widget elementor-widget-text-editor\" data-id=\"430a5fd\" data-element_type=\"widget\" data-widget_type=\"text-editor.default\">\n\t\t\t\t<div class=\"elementor-widget-container\">\n\t\t\t\t\t\t\t<p>\ud83d\udd50 Lunes a Jueves de 9:30\u201313:30, 16:30\u201320:30, Viernes solo ma\u00f1ana.<\/p>\t\t\t\t\t\t<\/div>\n\t\t\t\t<\/div>\n\t\t\t\t<\/div>\n\t\t<div class=\"elementor-element elementor-element-0b80040 e-con-full elementor-hidden-desktop elementor-hidden-tablet elementor-hidden-mobile e-flex e-con e-parent\" data-id=\"0b80040\" data-element_type=\"container\">\n\t\t\t\t<div class=\"elementor-element elementor-element-a9ee880 elementor-widget elementor-widget-text-editor\" data-id=\"a9ee880\" data-element_type=\"widget\" data-widget_type=\"text-editor.default\">\n\t\t\t\t<div class=\"elementor-widget-container\">\n\t\t\t\t\t\t\t<p>Odontolog\u00eda Conservadora<\/p>\t\t\t\t\t\t<\/div>\n\t\t\t\t<\/div>\n\t\t\t\t<div class=\"elementor-element elementor-element-a373d5e elementor-widget elementor-widget-text-editor\" data-id=\"a373d5e\" data-element_type=\"widget\" data-widget_type=\"text-editor.default\">\n\t\t\t\t<div class=\"elementor-widget-container\">\n\t\t\t\t\t\t\t<p>Esta rama de la odontolog\u00eda agrupa las distintas t\u00e9cnicas que utilizamos para reparar peque\u00f1as zonas da\u00f1adas por la caries, lo que com\u00fanmente conocemos por empastes.<\/p><p>Actualmente existen muchas posibilidades a la hora de restaurar el diente afectado por caries. Tambi\u00e9n han evolucionado el tipo de material usado, hoy en d\u00eda el m\u00e1s utilizado es el composite, m\u00e1s est\u00e9tico y de m\u00e1s f\u00e1cil manejo y adaptabilidad.<\/p>\t\t\t\t\t\t<\/div>\n\t\t\t\t<\/div>\n\t\t\t\t<div class=\"elementor-element elementor-element-feabe5b elementor-widget elementor-widget-image\" data-id=\"feabe5b\" data-element_type=\"widget\" data-widget_type=\"image.default\">\n\t\t\t\t<div class=\"elementor-widget-container\">\n\t\t\t<style>\/*! elementor - v3.21.0 - 26-05-2024 *\/\n.elementor-widget-image{text-align:center}.elementor-widget-image a{display:inline-block}.elementor-widget-image a img[src$=\".svg\"]{width:48px}.elementor-widget-image img{vertical-align:middle;display:inline-block}<\/style>\t\t\t\t\t\t\t\t\t\t<img fetchpriority=\"high\" decoding=\"async\" width=\"582\" height=\"342\" src=\"https:\/\/clinicadentalramirocorrea.com\/wp-content\/uploads\/2024\/05\/DENTISTAS-ESPECIALIZADOS-EN-IMPLANTES-EN-GRANADA-CLINICA-DENTAL-RAMIRO-CORREA.png\" class=\"attachment-large size-large wp-image-853\" alt=\"\" srcset=\"https:\/\/clinicadentalramirocorrea.com\/wp-content\/uploads\/2024\/05\/DENTISTAS-ESPECIALIZADOS-EN-IMPLANTES-EN-GRANADA-CLINICA-DENTAL-RAMIRO-CORREA.png 582w, https:\/\/clinicadentalramirocorrea.com\/wp-content\/uploads\/2024\/05\/DENTISTAS-ESPECIALIZADOS-EN-IMPLANTES-EN-GRANADA-CLINICA-DENTAL-RAMIRO-CORREA-300x176.png 300w\" sizes=\"(max-width: 582px) 100vw, 582px\" \/>\t\t\t\t\t\t\t\t\t\t\t\t\t<\/div>\n\t\t\t\t<\/div>\n\t\t\t\t<div class=\"elementor-element elementor-element-6cb5c76 elementor-widget elementor-widget-text-editor\" data-id=\"6cb5c76\" data-element_type=\"widget\" data-widget_type=\"text-editor.default\">\n\t\t\t\t<div class=\"elementor-widget-container\">\n\t\t\t\t\t\t\t<p>En funci\u00f3n de la superficie afectada por la caries realizaremos una obturaci\u00f3n simple o compuesta.<\/p><p><strong>Ven a vernos \u00a1En Cl\u00ednica Dental Ramiro Correa estaremos encantados de ayudarte a conservar tu sonrisa original!<\/strong><\/p>\t\t\t\t\t\t<\/div>\n\t\t\t\t<\/div>\n\t\t\t\t<\/div>\n\t\t<div class=\"elementor-element elementor-element-b2fa593 e-con-full elementor-hidden-widescreen e-flex e-con e-parent\" data-id=\"b2fa593\" data-element_type=\"container\">\n\t\t\t\t<div class=\"elementor-element elementor-element-b0a9a17 elementor-widget elementor-widget-text-editor\" data-id=\"b0a9a17\" data-element_type=\"widget\" data-widget_type=\"text-editor.default\">\n\t\t\t\t<div class=\"elementor-widget-container\">\n\t\t\t\t\t\t\t<p>Odontolog\u00eda Conservadora<\/p>\t\t\t\t\t\t<\/div>\n\t\t\t\t<\/div>\n\t\t\t\t<div class=\"elementor-element elementor-element-362d29f elementor-widget elementor-widget-text-editor\" data-id=\"362d29f\" data-element_type=\"widget\" data-widget_type=\"text-editor.default\">\n\t\t\t\t<div class=\"elementor-widget-container\">\n\t\t\t\t\t\t\t<p>Esta rama de la odontolog\u00eda agrupa las distintas t\u00e9cnicas que utilizamos para reparar peque\u00f1as zonas da\u00f1adas por la caries, lo que com\u00fanmente conocemos por empastes.<\/p><p>Actualmente existen muchas posibilidades a la hora de restaurar el diente afectado por caries. Tambi\u00e9n han evolucionado el tipo de material usado, hoy en d\u00eda el m\u00e1s utilizado es el composite, m\u00e1s est\u00e9tico y de m\u00e1s f\u00e1cil manejo y adaptabilidad.<\/p>\t\t\t\t\t\t<\/div>\n\t\t\t\t<\/div>\n\t\t\t\t<div class=\"elementor-element elementor-element-31ee805 elementor-widget elementor-widget-image\" data-id=\"31ee805\" data-element_type=\"widget\" data-widget_type=\"image.default\">\n\t\t\t\t<div class=\"elementor-widget-container\">\n\t\t\t\t\t\t\t\t\t\t\t\t\t<img fetchpriority=\"high\" decoding=\"async\" width=\"582\" height=\"342\" src=\"https:\/\/clinicadentalramirocorrea.com\/wp-content\/uploads\/2024\/05\/DENTISTAS-ESPECIALIZADOS-EN-IMPLANTES-EN-GRANADA-CLINICA-DENTAL-RAMIRO-CORREA.png\" class=\"attachment-large size-large wp-image-853\" alt=\"\" srcset=\"https:\/\/clinicadentalramirocorrea.com\/wp-content\/uploads\/2024\/05\/DENTISTAS-ESPECIALIZADOS-EN-IMPLANTES-EN-GRANADA-CLINICA-DENTAL-RAMIRO-CORREA.png 582w, https:\/\/clinicadentalramirocorrea.com\/wp-content\/uploads\/2024\/05\/DENTISTAS-ESPECIALIZADOS-EN-IMPLANTES-EN-GRANADA-CLINICA-DENTAL-RAMIRO-CORREA-300x176.png 300w\" sizes=\"(max-width: 582px) 100vw, 582px\" \/>\t\t\t\t\t\t\t\t\t\t\t\t\t<\/div>\n\t\t\t\t<\/div>\n\t\t\t\t<div class=\"elementor-element elementor-element-cbb26c6 elementor-widget elementor-widget-text-editor\" data-id=\"cbb26c6\" data-element_type=\"widget\" data-widget_type=\"text-editor.default\">\n\t\t\t\t<div class=\"elementor-widget-container\">\n\t\t\t\t\t\t\t<p>En funci\u00f3n de la superficie afectada por la caries realizaremos una obturaci\u00f3n simple o compuesta.<\/p><p><strong>Ven a vernos \u00a1En Cl\u00ednica Dental Ramiro Correa estaremos encantados de ayudarte a conservar tu sonrisa original!<\/strong><\/p>\t\t\t\t\t\t<\/div>\n\t\t\t\t<\/div>\n\t\t\t\t<\/div>\n\t\t<div class=\"elementor-element elementor-element-0efd9c9 e-con-full e-flex e-con e-parent\" data-id=\"0efd9c9\" data-element_type=\"container\">\n\t\t\t\t<div class=\"elementor-element elementor-element-12e3d74 elementor-widget elementor-widget-google_maps\" data-id=\"12e3d74\" data-element_type=\"widget\" data-widget_type=\"google_maps.default\">\n\t\t\t\t<div class=\"elementor-widget-container\">\n\t\t\t<style>\/*! elementor - v3.21.0 - 26-05-2024 *\/\n.elementor-widget-google_maps .elementor-widget-container{overflow:hidden}.elementor-widget-google_maps .elementor-custom-embed{line-height:0}.elementor-widget-google_maps iframe{height:300px}<\/style>\t\t<div class=\"elementor-custom-embed\">\n\t\t\t<iframe loading=\"lazy\"\n\t\t\t\t\tsrc=\"https:\/\/maps.google.com\/maps?q=Clinica%20dental%20ramiro%20correa&#038;t=m&#038;z=16&#038;output=embed&#038;iwloc=near\"\n\t\t\t\t\ttitle=\"Clinica dental ramiro correa\"\n\t\t\t\t\taria-label=\"Clinica dental ramiro correa\"\n\t\t\t><\/iframe>\n\t\t<\/div>\n\t\t\t\t<\/div>\n\t\t\t\t<\/div>\n\t\t\t\t<\/div>\n\t\t\t\t<\/div>\n\t\t","protected":false},"excerpt":{"rendered":"<p>\ud83d\udccd Direcci\u00f3n: Calle Mart\u00ednez Campos, 20, Bajo, 18002 Granada Tel\u00e9fono Destacado \ud83d\udcde Tel\u00e9fono: 958 10 69 08 &#8211; 671 54 50 81 \ud83d\udd50 Lunes a Jueves de 9:30\u201313:30, 16:30\u201320:30, Viernes solo ma\u00f1ana. Odontolog\u00eda Conservadora Esta rama de la odontolog\u00eda agrupa las distintas t\u00e9cnicas que utilizamos para reparar peque\u00f1as zonas da\u00f1adas por la caries, lo que [&hellip;]<\/p>\n","protected":false},"author":1,"featured_media":0,"parent":0,"menu_order":0,"comment_status":"closed","ping_status":"closed","template":"","meta":{"footnotes":""},"class_list":["post-299","page","type-page","status-publish","hentry"],"_links":{"self":[{"href":"https:\/\/clinicadentalramirocorrea.com\/index.php?rest_route=\/wp\/v2\/pages\/299","targetHints":{"allow":["GET"]}}],"collection":[{"href":"https:\/\/clinicadentalramirocorrea.com\/index.php?rest_route=\/wp\/v2\/pages"}],"about":[{"href":"https:\/\/clinicadentalramirocorrea.com\/index.php?rest_route=\/wp\/v2\/types\/page"}],"author":[{"embeddable":true,"href":"https:\/\/clinicadentalramirocorrea.com\/index.php?rest_route=\/wp\/v2\/users\/1"}],"replies":[{"embeddable":true,"href":"https:\/\/clinicadentalramirocorrea.com\/index.php?rest_route=%2Fwp%2Fv2%2Fcomments&post=299"}],"version-history":[{"count":43,"href":"https:\/\/clinicadentalramirocorrea.com\/index.php?rest_route=\/wp\/v2\/pages\/299\/revisions"}],"predecessor-version":[{"id":1468,"href":"https:\/\/clinicadentalramirocorrea.com\/index.php?rest_route=\/wp\/v2\/pages\/299\/revisions\/1468"}],"wp:attachment":[{"href":"https:\/\/clinicadentalramirocorrea.com\/index.php?rest_route=%2Fwp%2Fv2%2Fmedia&parent=299"}],"curies":[{"name":"wp","href":"https:\/\/api.w.org\/{rel}","templated":true}]}}