{"id":305,"date":"2024-05-04T12:12:46","date_gmt":"2024-05-04T10:12:46","guid":{"rendered":"http:\/\/192.168.1.102\/clinicadentalramirocorrea.com\/?page_id=305"},"modified":"2024-10-07T13:59:04","modified_gmt":"2024-10-07T11:59:04","slug":"periodoncia","status":"publish","type":"page","link":"https:\/\/clinicadentalramirocorrea.com\/?page_id=305","title":{"rendered":"PERIODONCIA"},"content":{"rendered":"\t\t<div data-elementor-type=\"wp-page\" data-elementor-id=\"305\" class=\"elementor elementor-305\">\n\t\t\t\t<div class=\"elementor-element elementor-element-eb1fb96 e-con-full elementor-hidden-tablet elementor-hidden-mobile e-flex e-con e-parent\" data-id=\"eb1fb96\" data-element_type=\"container\" data-settings=\"{&quot;background_background&quot;:&quot;classic&quot;}\">\n\t\t\t\t<div class=\"elementor-element elementor-element-38e942e elementor-widget elementor-widget-text-editor\" data-id=\"38e942e\" data-element_type=\"widget\" data-widget_type=\"text-editor.default\">\n\t\t\t\t<div class=\"elementor-widget-container\">\n\t\t\t<style>\/*! elementor - v3.21.0 - 26-05-2024 *\/\n.elementor-widget-text-editor.elementor-drop-cap-view-stacked .elementor-drop-cap{background-color:#69727d;color:#fff}.elementor-widget-text-editor.elementor-drop-cap-view-framed .elementor-drop-cap{color:#69727d;border:3px solid;background-color:transparent}.elementor-widget-text-editor:not(.elementor-drop-cap-view-default) .elementor-drop-cap{margin-top:8px}.elementor-widget-text-editor:not(.elementor-drop-cap-view-default) .elementor-drop-cap-letter{width:1em;height:1em}.elementor-widget-text-editor .elementor-drop-cap{float:left;text-align:center;line-height:1;font-size:50px}.elementor-widget-text-editor .elementor-drop-cap-letter{display:inline-block}<\/style>\t\t\t\t<p>\ud83d\udccd Direcci\u00f3n: Calle Mart\u00ednez Campos, 20, Bajo, 18002 Granada<\/p>\t\t\t\t\t\t<\/div>\n\t\t\t\t<\/div>\n\t\t\t\t<div class=\"elementor-element elementor-element-b63e1eb elementor-widget elementor-widget-html\" data-id=\"b63e1eb\" data-element_type=\"widget\" data-widget_type=\"html.default\">\n\t\t\t\t<div class=\"elementor-widget-container\">\n\t\t\t<!DOCTYPE html>\r\n<html lang=\"es\">\r\n<head>\r\n    <meta charset=\"UTF-8\">\r\n    <meta name=\"viewport\" content=\"width=device-width, initial-scale=1.0\">\r\n    <title>Tel\u00e9fono Destacado<\/title>\r\n    <style>\r\n        .phone-link {\r\n            color: white;\r\n            text-decoration: none;\r\n            font-weight: bold;\r\n            position: relative;\r\n            transition: color 0.3s ease;\r\n            animation: highlight 3s ease-in-out infinite;\r\n        }\r\n        .phone-link:hover {\r\n            color: #0056b3;\r\n        }\r\n        .phone-link::after {\r\n            content: '';\r\n            position: absolute;\r\n            width: 100%;\r\n            height: 2px;\r\n            bottom: 0;\r\n            left: 0;\r\n            background-color: #0056b3;\r\n            visibility: hidden;\r\n            transform: scaleX(0);\r\n            transition: all 0.3s ease-in-out;\r\n        }\r\n        .phone-link:hover::after {\r\n            visibility: visible;\r\n            transform: scaleX(1);\r\n        }\r\n        @keyframes highlight {\r\n            0% {\r\n                color: white;\r\n                text-shadow: none;\r\n            }\r\n            50% {\r\n                color: #ff9900;\r\n                text-shadow: 0 0 10px rgba(255, 153, 0, 0.5);\r\n            }\r\n            100% {\r\n                color: white;\r\n                text-shadow: none;\r\n            }\r\n        }\r\n        .whatsapp-logo {\r\n            width: 20px;\r\n            height: 20px;\r\n            vertical-align: middle;\r\n            margin-right: 5px;\r\n        }\r\n    <\/style>\r\n<\/head>\r\n<body>\r\n\r\n    \ud83d\udcde Tel\u00e9fono: <a class=\"phone-link\" href=\"tel:958106908\">958 10 69 08<\/a> - <img decoding=\"async\" class=\"whatsapp-logo\" src=\"https:\/\/upload.wikimedia.org\/wikipedia\/commons\/6\/6b\/WhatsApp.svg\" alt=\"WhatsApp\"> <a class=\"phone-link\" href=\"tel:617545081\">671 54 50 81<\/a>\r\n\r\n<\/body>\r\n<\/html>\r\n\t\t<\/div>\n\t\t\t\t<\/div>\n\t\t\t\t<div class=\"elementor-element elementor-element-e792610 elementor-widget elementor-widget-text-editor\" data-id=\"e792610\" data-element_type=\"widget\" data-widget_type=\"text-editor.default\">\n\t\t\t\t<div class=\"elementor-widget-container\">\n\t\t\t\t\t\t\t<p>\ud83d\udd50 Lunes a Jueves de 9:30\u201313:30, 16:30\u201320:30, Viernes solo ma\u00f1ana.<\/p>\t\t\t\t\t\t<\/div>\n\t\t\t\t<\/div>\n\t\t\t\t<\/div>\n\t\t<div class=\"elementor-element elementor-element-74a1e8a e-con-full elementor-hidden-desktop elementor-hidden-tablet elementor-hidden-mobile e-flex e-con e-parent\" data-id=\"74a1e8a\" data-element_type=\"container\">\n\t\t\t\t<div class=\"elementor-element elementor-element-f293aba elementor-widget elementor-widget-text-editor\" data-id=\"f293aba\" data-element_type=\"widget\" data-widget_type=\"text-editor.default\">\n\t\t\t\t<div class=\"elementor-widget-container\">\n\t\t\t\t\t\t\t<p>Periodoncia<\/p>\t\t\t\t\t\t<\/div>\n\t\t\t\t<\/div>\n\t\t\t\t<div class=\"elementor-element elementor-element-4945cf3 elementor-widget elementor-widget-text-editor\" data-id=\"4945cf3\" data-element_type=\"widget\" data-widget_type=\"text-editor.default\">\n\t\t\t\t<div class=\"elementor-widget-container\">\n\t\t\t\t\t\t\t<p>La periodoncia es la especialidad odontol\u00f3gica encargada de prevenir, diagnosticar y tratar las enfermedades que afectan a los tejidos que rodean y sujetan nuestros dientes.<\/p><p>Las enfermedades periodontales m\u00e1s comunes son la <strong>gingivitis y la periodontitis.<\/strong><\/p><ul><li>En el caso de la gingivitis la inflamaci\u00f3n tan solo afecta a la enc\u00eda, es una afecci\u00f3n m\u00e1s superficial. Para combatirla es necesario eliminar tanto la placa dental como el sarro con una limpieza profesional.<\/li><li>La periodontitis aparece cuando no tratamos a tiempo la gingivitis y la inflamaci\u00f3n no solo afecta ya a la enc\u00eda, sino que llega a los tejidos que sujetan el diente lo que nos puede ocasionar en el futuro la perdida de la pieza dental.<\/li><\/ul><p><strong>En Cl\u00ednica Dental Ramiro Correa no queremos que esto suceda \u00a1por eso ante cualquier duda cons\u00faltanos y te ayudaremos a conservar tu sonrisa!<\/strong><\/p>\t\t\t\t\t\t<\/div>\n\t\t\t\t<\/div>\n\t\t\t\t<\/div>\n\t\t<div class=\"elementor-element elementor-element-6244b66 e-con-full elementor-hidden-widescreen e-flex e-con e-parent\" data-id=\"6244b66\" data-element_type=\"container\">\n\t\t\t\t<div class=\"elementor-element elementor-element-30aea16 elementor-widget elementor-widget-text-editor\" data-id=\"30aea16\" data-element_type=\"widget\" data-widget_type=\"text-editor.default\">\n\t\t\t\t<div class=\"elementor-widget-container\">\n\t\t\t\t\t\t\t<p>Periodoncia<\/p>\t\t\t\t\t\t<\/div>\n\t\t\t\t<\/div>\n\t\t\t\t<div class=\"elementor-element elementor-element-1fba235 elementor-widget elementor-widget-text-editor\" data-id=\"1fba235\" data-element_type=\"widget\" data-widget_type=\"text-editor.default\">\n\t\t\t\t<div class=\"elementor-widget-container\">\n\t\t\t\t\t\t\t<p>La periodoncia es la especialidad odontol\u00f3gica encargada de prevenir, diagnosticar y tratar las enfermedades que afectan a los tejidos que rodean y sujetan nuestros dientes.<\/p><p>Las enfermedades periodontales m\u00e1s comunes son la <strong>gingivitis y la periodontitis.<\/strong><\/p><ul><li>En el caso de la gingivitis la inflamaci\u00f3n tan solo afecta a la enc\u00eda, es una afecci\u00f3n m\u00e1s superficial. Para combatirla es necesario eliminar tanto la placa dental como el sarro con una limpieza profesional.<\/li><li>La periodontitis aparece cuando no tratamos a tiempo la gingivitis y la inflamaci\u00f3n no solo afecta ya a la enc\u00eda, sino que llega a los tejidos que sujetan el diente lo que nos puede ocasionar en el futuro la perdida de la pieza dental.<\/li><\/ul><p><strong>En Cl\u00ednica Dental Ramiro Correa no queremos que esto suceda \u00a1por eso ante cualquier duda cons\u00faltanos y te ayudaremos a conservar tu sonrisa!<\/strong><\/p>\t\t\t\t\t\t<\/div>\n\t\t\t\t<\/div>\n\t\t\t\t<\/div>\n\t\t<div class=\"elementor-element elementor-element-7179483 e-con-full e-flex e-con e-parent\" data-id=\"7179483\" data-element_type=\"container\">\n\t\t\t\t<div class=\"elementor-element elementor-element-a3833ac elementor-widget elementor-widget-google_maps\" data-id=\"a3833ac\" data-element_type=\"widget\" data-widget_type=\"google_maps.default\">\n\t\t\t\t<div class=\"elementor-widget-container\">\n\t\t\t<style>\/*! elementor - v3.21.0 - 26-05-2024 *\/\n.elementor-widget-google_maps .elementor-widget-container{overflow:hidden}.elementor-widget-google_maps .elementor-custom-embed{line-height:0}.elementor-widget-google_maps iframe{height:300px}<\/style>\t\t<div class=\"elementor-custom-embed\">\n\t\t\t<iframe loading=\"lazy\"\n\t\t\t\t\tsrc=\"https:\/\/maps.google.com\/maps?q=Clinica%20dental%20ramiro%20correa&#038;t=m&#038;z=16&#038;output=embed&#038;iwloc=near\"\n\t\t\t\t\ttitle=\"Clinica dental ramiro correa\"\n\t\t\t\t\taria-label=\"Clinica dental ramiro correa\"\n\t\t\t><\/iframe>\n\t\t<\/div>\n\t\t\t\t<\/div>\n\t\t\t\t<\/div>\n\t\t\t\t<\/div>\n\t\t\t\t<\/div>\n\t\t","protected":false},"excerpt":{"rendered":"<p>\ud83d\udccd Direcci\u00f3n: Calle Mart\u00ednez Campos, 20, Bajo, 18002 Granada Tel\u00e9fono Destacado \ud83d\udcde Tel\u00e9fono: 958 10 69 08 &#8211; 671 54 50 81 \ud83d\udd50 Lunes a Jueves de 9:30\u201313:30, 16:30\u201320:30, Viernes solo ma\u00f1ana. Periodoncia La periodoncia es la especialidad odontol\u00f3gica encargada de prevenir, diagnosticar y tratar las enfermedades que afectan a los tejidos que rodean y [&hellip;]<\/p>\n","protected":false},"author":1,"featured_media":0,"parent":0,"menu_order":0,"comment_status":"closed","ping_status":"closed","template":"","meta":{"footnotes":""},"class_list":["post-305","page","type-page","status-publish","hentry"],"_links":{"self":[{"href":"https:\/\/clinicadentalramirocorrea.com\/index.php?rest_route=\/wp\/v2\/pages\/305","targetHints":{"allow":["GET"]}}],"collection":[{"href":"https:\/\/clinicadentalramirocorrea.com\/index.php?rest_route=\/wp\/v2\/pages"}],"about":[{"href":"https:\/\/clinicadentalramirocorrea.com\/index.php?rest_route=\/wp\/v2\/types\/page"}],"author":[{"embeddable":true,"href":"https:\/\/clinicadentalramirocorrea.com\/index.php?rest_route=\/wp\/v2\/users\/1"}],"replies":[{"embeddable":true,"href":"https:\/\/clinicadentalramirocorrea.com\/index.php?rest_route=%2Fwp%2Fv2%2Fcomments&post=305"}],"version-history":[{"count":34,"href":"https:\/\/clinicadentalramirocorrea.com\/index.php?rest_route=\/wp\/v2\/pages\/305\/revisions"}],"predecessor-version":[{"id":1477,"href":"https:\/\/clinicadentalramirocorrea.com\/index.php?rest_route=\/wp\/v2\/pages\/305\/revisions\/1477"}],"wp:attachment":[{"href":"https:\/\/clinicadentalramirocorrea.com\/index.php?rest_route=%2Fwp%2Fv2%2Fmedia&parent=305"}],"curies":[{"name":"wp","href":"https:\/\/api.w.org\/{rel}","templated":true}]}}